{"id":5236,"date":"2024-11-01T16:32:03","date_gmt":"2024-11-01T15:32:03","guid":{"rendered":"https:\/\/www.kalinas.rs\/?post_type=product&#038;p=5236"},"modified":"2025-11-30T10:16:29","modified_gmt":"2025-11-30T09:16:29","slug":"haljinica-blue-dream","status":"publish","type":"product","link":"https:\/\/www.kalinas.rs\/en\/prodavnica\/kalinas-closet\/dresses\/haljinica-blue-dream\/","title":{"rendered":"Haljinica BLUE DREAM"},"content":{"rendered":"","protected":false},"excerpt":{"rendered":"<p>Ova jedinstvena haljinica kombinuje le\u017eeran teksas sa ne\u017enim organdinom!<\/p>\n<p>&nbsp;<\/p>\n","protected":false},"featured_media":5237,"template":"","meta":[],"product_brand":[],"product_cat":[63,50],"product_tag":[229,155,185,271,253,195],"class_list":{"0":"post-5236","1":"product","2":"type-product","3":"status-publish","4":"has-post-thumbnail","6":"product_cat-haljinice","7":"product_cat-kalinin-orman","8":"product_tag-devojcica","9":"product_tag-haljinica","10":"product_tag-haljinica-za-devojcice","11":"product_tag-haljinice-za-prvi-rodjendan","12":"product_tag-rodjendan","13":"product_tag-svecane-haljinice","14":"pa_boja-bordo","15":"pa_boja-plava","16":"pa_velicina-1-god","17":"pa_velicina-10-god","18":"pa_velicina-12god","19":"pa_velicina-2-god","20":"pa_velicina-4-god","21":"pa_velicina-6-god","22":"pa_velicina-8-god","24":"first","25":"instock","26":"shipping-taxable","27":"purchasable","28":"product-type-variable"},"yoast_head":"<!-- This site is optimized with the Yoast SEO plugin v27.4 - https:\/\/yoast.com\/product\/yoast-seo-wordpress\/ -->\n<title>Haljinica BLUE DREAM - Kalina&#039;s story<\/title>\n<meta name=\"description\" content=\"de\u010dija haljinica teksas haljina za decu haljina od organdina elegantne de\u010dije haljine lepr\u0161ave haljine za decu de\u010dija moda prole\u0107na haljina za devoj\u010dice unikatne de\u010dije haljine moderna de\u010dija ode\u0107a haljina za posebne prilike casual i elegantna haljin\" \/>\n<meta name=\"robots\" content=\"index, follow, max-snippet:-1, max-image-preview:large, max-video-preview:-1\" \/>\n<link rel=\"canonical\" href=\"https:\/\/www.kalinas.rs\/prodavnica\/kalinin-orman\/haljinice\/haljinica-blue-dream\/\" \/>\n<meta property=\"og:locale\" content=\"en_US\" \/>\n<meta property=\"og:type\" content=\"article\" \/>\n<meta property=\"og:title\" content=\"Haljinica BLUE DREAM - Kalina&#039;s story\" \/>\n<meta property=\"og:description\" content=\"de\u010dija haljinica teksas haljina za decu haljina od organdina elegantne de\u010dije haljine lepr\u0161ave haljine za decu de\u010dija moda prole\u0107na haljina za devoj\u010dice unikatne de\u010dije haljine moderna de\u010dija ode\u0107a haljina za posebne prilike casual i elegantna haljin\" \/>\n<meta property=\"og:url\" content=\"https:\/\/www.kalinas.rs\/prodavnica\/kalinin-orman\/haljinice\/haljinica-blue-dream\/\" \/>\n<meta property=\"og:site_name\" content=\"Kalina&#039;s story\" \/>\n<meta property=\"article:modified_time\" content=\"2025-11-30T09:16:29+00:00\" \/>\n<meta property=\"og:image\" content=\"https:\/\/www.kalinas.rs\/wp-content\/uploads\/2024\/11\/85B59F7C-51B2-46C8-A8B4-D211F4E30E9E-scaled.jpeg\" \/>\n\t<meta property=\"og:image:width\" content=\"2244\" \/>\n\t<meta property=\"og:image:height\" content=\"2560\" \/>\n\t<meta property=\"og:image:type\" content=\"image\/jpeg\" \/>\n<meta name=\"twitter:card\" content=\"summary_large_image\" \/>\n<script type=\"application\/ld+json\" class=\"yoast-schema-graph\">{\"@context\":\"https:\\\/\\\/schema.org\",\"@graph\":[{\"@type\":\"WebPage\",\"@id\":\"https:\\\/\\\/www.kalinas.rs\\\/prodavnica\\\/kalinin-orman\\\/haljinice\\\/haljinica-blue-dream\\\/\",\"url\":\"https:\\\/\\\/www.kalinas.rs\\\/prodavnica\\\/kalinin-orman\\\/haljinice\\\/haljinica-blue-dream\\\/\",\"name\":\"Haljinica BLUE DREAM - Kalina&#039;s story\",\"isPartOf\":{\"@id\":\"https:\\\/\\\/www.kalinas.rs\\\/#website\"},\"primaryImageOfPage\":{\"@id\":\"https:\\\/\\\/www.kalinas.rs\\\/prodavnica\\\/kalinin-orman\\\/haljinice\\\/haljinica-blue-dream\\\/#primaryimage\"},\"image\":{\"@id\":\"https:\\\/\\\/www.kalinas.rs\\\/prodavnica\\\/kalinin-orman\\\/haljinice\\\/haljinica-blue-dream\\\/#primaryimage\"},\"thumbnailUrl\":\"https:\\\/\\\/www.kalinas.rs\\\/wp-content\\\/uploads\\\/2024\\\/11\\\/85B59F7C-51B2-46C8-A8B4-D211F4E30E9E-scaled.jpeg\",\"datePublished\":\"2024-11-01T15:32:03+00:00\",\"dateModified\":\"2025-11-30T09:16:29+00:00\",\"description\":\"de\u010dija haljinica teksas haljina za decu haljina od organdina elegantne de\u010dije haljine lepr\u0161ave haljine za decu de\u010dija moda prole\u0107na haljina za devoj\u010dice unikatne de\u010dije haljine moderna de\u010dija ode\u0107a haljina za posebne prilike casual i elegantna haljin\",\"breadcrumb\":{\"@id\":\"https:\\\/\\\/www.kalinas.rs\\\/prodavnica\\\/kalinin-orman\\\/haljinice\\\/haljinica-blue-dream\\\/#breadcrumb\"},\"inLanguage\":\"en-US\",\"potentialAction\":[{\"@type\":\"ReadAction\",\"target\":[\"https:\\\/\\\/www.kalinas.rs\\\/prodavnica\\\/kalinin-orman\\\/haljinice\\\/haljinica-blue-dream\\\/\"]}]},{\"@type\":\"ImageObject\",\"inLanguage\":\"en-US\",\"@id\":\"https:\\\/\\\/www.kalinas.rs\\\/prodavnica\\\/kalinin-orman\\\/haljinice\\\/haljinica-blue-dream\\\/#primaryimage\",\"url\":\"https:\\\/\\\/www.kalinas.rs\\\/wp-content\\\/uploads\\\/2024\\\/11\\\/85B59F7C-51B2-46C8-A8B4-D211F4E30E9E-scaled.jpeg\",\"contentUrl\":\"https:\\\/\\\/www.kalinas.rs\\\/wp-content\\\/uploads\\\/2024\\\/11\\\/85B59F7C-51B2-46C8-A8B4-D211F4E30E9E-scaled.jpeg\",\"width\":2244,\"height\":2560},{\"@type\":\"BreadcrumbList\",\"@id\":\"https:\\\/\\\/www.kalinas.rs\\\/prodavnica\\\/kalinin-orman\\\/haljinice\\\/haljinica-blue-dream\\\/#breadcrumb\",\"itemListElement\":[{\"@type\":\"ListItem\",\"position\":1,\"name\":\"Home\",\"item\":\"https:\\\/\\\/www.kalinas.rs\\\/en\\\/\"},{\"@type\":\"ListItem\",\"position\":2,\"name\":\"Shop\",\"item\":\"https:\\\/\\\/www.kalinas.rs\\\/en\\\/shop\\\/\"},{\"@type\":\"ListItem\",\"position\":3,\"name\":\"Haljinica BLUE DREAM\"}]},{\"@type\":\"WebSite\",\"@id\":\"https:\\\/\\\/www.kalinas.rs\\\/#website\",\"url\":\"https:\\\/\\\/www.kalinas.rs\\\/\",\"name\":\"Kalina&#039;s story\",\"description\":\"Classic Baby and Girls Clothes\",\"publisher\":{\"@id\":\"https:\\\/\\\/www.kalinas.rs\\\/#organization\"},\"potentialAction\":[{\"@type\":\"SearchAction\",\"target\":{\"@type\":\"EntryPoint\",\"urlTemplate\":\"https:\\\/\\\/www.kalinas.rs\\\/?s={search_term_string}\"},\"query-input\":{\"@type\":\"PropertyValueSpecification\",\"valueRequired\":true,\"valueName\":\"search_term_string\"}}],\"inLanguage\":\"en-US\"},{\"@type\":\"Organization\",\"@id\":\"https:\\\/\\\/www.kalinas.rs\\\/#organization\",\"name\":\"Kalina's story\",\"url\":\"https:\\\/\\\/www.kalinas.rs\\\/\",\"logo\":{\"@type\":\"ImageObject\",\"inLanguage\":\"en-US\",\"@id\":\"https:\\\/\\\/www.kalinas.rs\\\/#\\\/schema\\\/logo\\\/image\\\/\",\"url\":\"https:\\\/\\\/www.kalinas.rs\\\/wp-content\\\/uploads\\\/2019\\\/05\\\/kalinas-logo.png\",\"contentUrl\":\"https:\\\/\\\/www.kalinas.rs\\\/wp-content\\\/uploads\\\/2019\\\/05\\\/kalinas-logo.png\",\"width\":300,\"height\":300,\"caption\":\"Kalina's story\"},\"image\":{\"@id\":\"https:\\\/\\\/www.kalinas.rs\\\/#\\\/schema\\\/logo\\\/image\\\/\"},\"sameAs\":[\"https:\\\/\\\/www.instagram.com\\\/kalina__s\\\/\"]}]}<\/script>\n<!-- \/ Yoast SEO plugin. -->","yoast_head_json":{"title":"Haljinica BLUE DREAM - Kalina&#039;s story","description":"de\u010dija haljinica teksas haljina za decu haljina od organdina elegantne de\u010dije haljine lepr\u0161ave haljine za decu de\u010dija moda prole\u0107na haljina za devoj\u010dice unikatne de\u010dije haljine moderna de\u010dija ode\u0107a haljina za posebne prilike casual i elegantna haljin","robots":{"index":"index","follow":"follow","max-snippet":"max-snippet:-1","max-image-preview":"max-image-preview:large","max-video-preview":"max-video-preview:-1"},"canonical":"https:\/\/www.kalinas.rs\/prodavnica\/kalinin-orman\/haljinice\/haljinica-blue-dream\/","og_locale":"en_US","og_type":"article","og_title":"Haljinica BLUE DREAM - Kalina&#039;s story","og_description":"de\u010dija haljinica teksas haljina za decu haljina od organdina elegantne de\u010dije haljine lepr\u0161ave haljine za decu de\u010dija moda prole\u0107na haljina za devoj\u010dice unikatne de\u010dije haljine moderna de\u010dija ode\u0107a haljina za posebne prilike casual i elegantna haljin","og_url":"https:\/\/www.kalinas.rs\/prodavnica\/kalinin-orman\/haljinice\/haljinica-blue-dream\/","og_site_name":"Kalina&#039;s story","article_modified_time":"2025-11-30T09:16:29+00:00","og_image":[{"width":2244,"height":2560,"url":"https:\/\/www.kalinas.rs\/wp-content\/uploads\/2024\/11\/85B59F7C-51B2-46C8-A8B4-D211F4E30E9E-scaled.jpeg","type":"image\/jpeg"}],"twitter_card":"summary_large_image","schema":{"@context":"https:\/\/schema.org","@graph":[{"@type":"WebPage","@id":"https:\/\/www.kalinas.rs\/prodavnica\/kalinin-orman\/haljinice\/haljinica-blue-dream\/","url":"https:\/\/www.kalinas.rs\/prodavnica\/kalinin-orman\/haljinice\/haljinica-blue-dream\/","name":"Haljinica BLUE DREAM - Kalina&#039;s story","isPartOf":{"@id":"https:\/\/www.kalinas.rs\/#website"},"primaryImageOfPage":{"@id":"https:\/\/www.kalinas.rs\/prodavnica\/kalinin-orman\/haljinice\/haljinica-blue-dream\/#primaryimage"},"image":{"@id":"https:\/\/www.kalinas.rs\/prodavnica\/kalinin-orman\/haljinice\/haljinica-blue-dream\/#primaryimage"},"thumbnailUrl":"https:\/\/www.kalinas.rs\/wp-content\/uploads\/2024\/11\/85B59F7C-51B2-46C8-A8B4-D211F4E30E9E-scaled.jpeg","datePublished":"2024-11-01T15:32:03+00:00","dateModified":"2025-11-30T09:16:29+00:00","description":"de\u010dija haljinica teksas haljina za decu haljina od organdina elegantne de\u010dije haljine lepr\u0161ave haljine za decu de\u010dija moda prole\u0107na haljina za devoj\u010dice unikatne de\u010dije haljine moderna de\u010dija ode\u0107a haljina za posebne prilike casual i elegantna haljin","breadcrumb":{"@id":"https:\/\/www.kalinas.rs\/prodavnica\/kalinin-orman\/haljinice\/haljinica-blue-dream\/#breadcrumb"},"inLanguage":"en-US","potentialAction":[{"@type":"ReadAction","target":["https:\/\/www.kalinas.rs\/prodavnica\/kalinin-orman\/haljinice\/haljinica-blue-dream\/"]}]},{"@type":"ImageObject","inLanguage":"en-US","@id":"https:\/\/www.kalinas.rs\/prodavnica\/kalinin-orman\/haljinice\/haljinica-blue-dream\/#primaryimage","url":"https:\/\/www.kalinas.rs\/wp-content\/uploads\/2024\/11\/85B59F7C-51B2-46C8-A8B4-D211F4E30E9E-scaled.jpeg","contentUrl":"https:\/\/www.kalinas.rs\/wp-content\/uploads\/2024\/11\/85B59F7C-51B2-46C8-A8B4-D211F4E30E9E-scaled.jpeg","width":2244,"height":2560},{"@type":"BreadcrumbList","@id":"https:\/\/www.kalinas.rs\/prodavnica\/kalinin-orman\/haljinice\/haljinica-blue-dream\/#breadcrumb","itemListElement":[{"@type":"ListItem","position":1,"name":"Home","item":"https:\/\/www.kalinas.rs\/en\/"},{"@type":"ListItem","position":2,"name":"Shop","item":"https:\/\/www.kalinas.rs\/en\/shop\/"},{"@type":"ListItem","position":3,"name":"Haljinica BLUE DREAM"}]},{"@type":"WebSite","@id":"https:\/\/www.kalinas.rs\/#website","url":"https:\/\/www.kalinas.rs\/","name":"Kalina&#039;s story","description":"Classic Baby and Girls Clothes","publisher":{"@id":"https:\/\/www.kalinas.rs\/#organization"},"potentialAction":[{"@type":"SearchAction","target":{"@type":"EntryPoint","urlTemplate":"https:\/\/www.kalinas.rs\/?s={search_term_string}"},"query-input":{"@type":"PropertyValueSpecification","valueRequired":true,"valueName":"search_term_string"}}],"inLanguage":"en-US"},{"@type":"Organization","@id":"https:\/\/www.kalinas.rs\/#organization","name":"Kalina's story","url":"https:\/\/www.kalinas.rs\/","logo":{"@type":"ImageObject","inLanguage":"en-US","@id":"https:\/\/www.kalinas.rs\/#\/schema\/logo\/image\/","url":"https:\/\/www.kalinas.rs\/wp-content\/uploads\/2019\/05\/kalinas-logo.png","contentUrl":"https:\/\/www.kalinas.rs\/wp-content\/uploads\/2019\/05\/kalinas-logo.png","width":300,"height":300,"caption":"Kalina's story"},"image":{"@id":"https:\/\/www.kalinas.rs\/#\/schema\/logo\/image\/"},"sameAs":["https:\/\/www.instagram.com\/kalina__s\/"]}]}},"_links":{"self":[{"href":"https:\/\/www.kalinas.rs\/en\/wp-json\/wp\/v2\/product\/5236","targetHints":{"allow":["GET"]}}],"collection":[{"href":"https:\/\/www.kalinas.rs\/en\/wp-json\/wp\/v2\/product"}],"about":[{"href":"https:\/\/www.kalinas.rs\/en\/wp-json\/wp\/v2\/types\/product"}],"wp:featuredmedia":[{"embeddable":true,"href":"https:\/\/www.kalinas.rs\/en\/wp-json\/wp\/v2\/media\/5237"}],"wp:attachment":[{"href":"https:\/\/www.kalinas.rs\/en\/wp-json\/wp\/v2\/media?parent=5236"}],"wp:term":[{"taxonomy":"product_brand","embeddable":true,"href":"https:\/\/www.kalinas.rs\/en\/wp-json\/wp\/v2\/product_brand?post=5236"},{"taxonomy":"product_cat","embeddable":true,"href":"https:\/\/www.kalinas.rs\/en\/wp-json\/wp\/v2\/product_cat?post=5236"},{"taxonomy":"product_tag","embeddable":true,"href":"https:\/\/www.kalinas.rs\/en\/wp-json\/wp\/v2\/product_tag?post=5236"}],"curies":[{"name":"wp","href":"https:\/\/api.w.org\/{rel}","templated":true}]}}