{"id":5254,"date":"2024-11-21T13:15:24","date_gmt":"2024-11-21T12:15:24","guid":{"rendered":"https:\/\/www.kalinas.rs\/?post_type=product&#038;p=5254"},"modified":"2025-10-14T13:39:40","modified_gmt":"2025-10-14T11:39:40","slug":"haljinica-lilies","status":"publish","type":"product","link":"https:\/\/www.kalinas.rs\/en\/prodavnica\/kalinas-closet\/dresses\/haljinica-lilies\/","title":{"rendered":"Haljinica Lilies"},"content":{"rendered":"","protected":false},"excerpt":{"rendered":"<p>Elegantna de\u010dija haljina od visokokvalitetnog tila sa bogatom vi\u0161eslojnom suknjom. Gornji deo je sa dugim rukavima, ukra\u0161en efektnom cvetova od \u0161ljoki\u010dastog tila, idealna za sve\u010dane prilike poput ro\u0111endana, fotografisanja ili prazni\u010dnih proslava.<\/p>\n","protected":false},"featured_media":5255,"template":"","meta":[],"product_brand":[],"product_cat":[50,63],"product_tag":[297,286,155,185,275,232,270,271,228,252,195],"class_list":{"0":"post-5254","1":"product","2":"type-product","3":"status-publish","4":"has-post-thumbnail","6":"product_cat-kalinin-orman","7":"product_cat-haljinice","8":"product_tag-haljina-za-devojcice","9":"product_tag-haljine-za-mame-i-devojcice","10":"product_tag-haljinica","11":"product_tag-haljinica-za-devojcice","12":"product_tag-haljinica-za-skolu","13":"product_tag-haljinice-za-bebe","14":"product_tag-haljinice-za-devojcice","15":"product_tag-haljinice-za-prvi-rodjendan","16":"product_tag-nova-godina","17":"product_tag-suknjica-za-devojcice","18":"product_tag-svecane-haljinice","20":"first","21":"outofstock","22":"sale","23":"shipping-taxable","24":"purchasable","25":"product-type-variable"},"yoast_head":"<!-- This site is optimized with the Yoast SEO plugin v26.5 - https:\/\/yoast.com\/wordpress\/plugins\/seo\/ -->\n<title>Haljinica Lilies - Kalina&#039;s story<\/title>\n<meta name=\"description\" content=\"De\u010dija haljina, sve\u010dana haljina, til haljina, haljina za devoj\u010dice, elegantna haljina, haljina za ro\u0111endan,novogodisnja haljina, bela haljina, haljina sa ma\u0161nom, haljina za proslave, haljina za fotografisanje.\" \/>\n<meta name=\"robots\" content=\"index, follow, max-snippet:-1, max-image-preview:large, max-video-preview:-1\" \/>\n<link rel=\"canonical\" href=\"https:\/\/www.kalinas.rs\/prodavnica\/kalinin-orman\/haljinice\/haljinica-lilies\/\" \/>\n<meta property=\"og:locale\" content=\"en_US\" \/>\n<meta property=\"og:type\" content=\"article\" \/>\n<meta property=\"og:title\" content=\"Haljinica Lilies - Kalina&#039;s story\" \/>\n<meta property=\"og:description\" content=\"De\u010dija haljina, sve\u010dana haljina, til haljina, haljina za devoj\u010dice, elegantna haljina, haljina za ro\u0111endan,novogodisnja haljina, bela haljina, haljina sa ma\u0161nom, haljina za proslave, haljina za fotografisanje.\" \/>\n<meta property=\"og:url\" content=\"https:\/\/www.kalinas.rs\/prodavnica\/kalinin-orman\/haljinice\/haljinica-lilies\/\" \/>\n<meta property=\"og:site_name\" content=\"Kalina&#039;s story\" \/>\n<meta property=\"article:modified_time\" content=\"2025-10-14T11:39:40+00:00\" \/>\n<meta property=\"og:image\" content=\"https:\/\/www.kalinas.rs\/wp-content\/uploads\/2024\/11\/29B0D688-2920-4BD8-BCD8-E298F0F68412-scaled.jpeg\" \/>\n\t<meta property=\"og:image:width\" content=\"2048\" \/>\n\t<meta property=\"og:image:height\" content=\"2560\" \/>\n\t<meta property=\"og:image:type\" content=\"image\/jpeg\" \/>\n<meta name=\"twitter:card\" content=\"summary_large_image\" \/>\n<script type=\"application\/ld+json\" class=\"yoast-schema-graph\">{\"@context\":\"https:\/\/schema.org\",\"@graph\":[{\"@type\":\"WebPage\",\"@id\":\"https:\/\/www.kalinas.rs\/prodavnica\/kalinin-orman\/haljinice\/haljinica-lilies\/\",\"url\":\"https:\/\/www.kalinas.rs\/prodavnica\/kalinin-orman\/haljinice\/haljinica-lilies\/\",\"name\":\"Haljinica Lilies - Kalina&#039;s story\",\"isPartOf\":{\"@id\":\"https:\/\/www.kalinas.rs\/#website\"},\"primaryImageOfPage\":{\"@id\":\"https:\/\/www.kalinas.rs\/prodavnica\/kalinin-orman\/haljinice\/haljinica-lilies\/#primaryimage\"},\"image\":{\"@id\":\"https:\/\/www.kalinas.rs\/prodavnica\/kalinin-orman\/haljinice\/haljinica-lilies\/#primaryimage\"},\"thumbnailUrl\":\"https:\/\/www.kalinas.rs\/wp-content\/uploads\/2024\/11\/29B0D688-2920-4BD8-BCD8-E298F0F68412-scaled.jpeg\",\"datePublished\":\"2024-11-21T12:15:24+00:00\",\"dateModified\":\"2025-10-14T11:39:40+00:00\",\"description\":\"De\u010dija haljina, sve\u010dana haljina, til haljina, haljina za devoj\u010dice, elegantna haljina, haljina za ro\u0111endan,novogodisnja haljina, bela haljina, haljina sa ma\u0161nom, haljina za proslave, haljina za fotografisanje.\",\"breadcrumb\":{\"@id\":\"https:\/\/www.kalinas.rs\/prodavnica\/kalinin-orman\/haljinice\/haljinica-lilies\/#breadcrumb\"},\"inLanguage\":\"en-US\",\"potentialAction\":[{\"@type\":\"ReadAction\",\"target\":[\"https:\/\/www.kalinas.rs\/prodavnica\/kalinin-orman\/haljinice\/haljinica-lilies\/\"]}]},{\"@type\":\"ImageObject\",\"inLanguage\":\"en-US\",\"@id\":\"https:\/\/www.kalinas.rs\/prodavnica\/kalinin-orman\/haljinice\/haljinica-lilies\/#primaryimage\",\"url\":\"https:\/\/www.kalinas.rs\/wp-content\/uploads\/2024\/11\/29B0D688-2920-4BD8-BCD8-E298F0F68412-scaled.jpeg\",\"contentUrl\":\"https:\/\/www.kalinas.rs\/wp-content\/uploads\/2024\/11\/29B0D688-2920-4BD8-BCD8-E298F0F68412-scaled.jpeg\",\"width\":2048,\"height\":2560},{\"@type\":\"BreadcrumbList\",\"@id\":\"https:\/\/www.kalinas.rs\/prodavnica\/kalinin-orman\/haljinice\/haljinica-lilies\/#breadcrumb\",\"itemListElement\":[{\"@type\":\"ListItem\",\"position\":1,\"name\":\"Home\",\"item\":\"https:\/\/www.kalinas.rs\/en\/\"},{\"@type\":\"ListItem\",\"position\":2,\"name\":\"Shop\",\"item\":\"https:\/\/www.kalinas.rs\/en\/shop\/\"},{\"@type\":\"ListItem\",\"position\":3,\"name\":\"Haljinica Lilies\"}]},{\"@type\":\"WebSite\",\"@id\":\"https:\/\/www.kalinas.rs\/#website\",\"url\":\"https:\/\/www.kalinas.rs\/\",\"name\":\"Kalina&#039;s story\",\"description\":\"Classic Baby and Girls Clothes\",\"publisher\":{\"@id\":\"https:\/\/www.kalinas.rs\/#organization\"},\"potentialAction\":[{\"@type\":\"SearchAction\",\"target\":{\"@type\":\"EntryPoint\",\"urlTemplate\":\"https:\/\/www.kalinas.rs\/?s={search_term_string}\"},\"query-input\":{\"@type\":\"PropertyValueSpecification\",\"valueRequired\":true,\"valueName\":\"search_term_string\"}}],\"inLanguage\":\"en-US\"},{\"@type\":\"Organization\",\"@id\":\"https:\/\/www.kalinas.rs\/#organization\",\"name\":\"Kalina's story\",\"url\":\"https:\/\/www.kalinas.rs\/\",\"logo\":{\"@type\":\"ImageObject\",\"inLanguage\":\"en-US\",\"@id\":\"https:\/\/www.kalinas.rs\/#\/schema\/logo\/image\/\",\"url\":\"https:\/\/www.kalinas.rs\/wp-content\/uploads\/2019\/05\/kalinas-logo.png\",\"contentUrl\":\"https:\/\/www.kalinas.rs\/wp-content\/uploads\/2019\/05\/kalinas-logo.png\",\"width\":300,\"height\":300,\"caption\":\"Kalina's story\"},\"image\":{\"@id\":\"https:\/\/www.kalinas.rs\/#\/schema\/logo\/image\/\"},\"sameAs\":[\"https:\/\/www.instagram.com\/kalina__s\/\"]}]}<\/script>\n<!-- \/ Yoast SEO plugin. -->","yoast_head_json":{"title":"Haljinica Lilies - Kalina&#039;s story","description":"De\u010dija haljina, sve\u010dana haljina, til haljina, haljina za devoj\u010dice, elegantna haljina, haljina za ro\u0111endan,novogodisnja haljina, bela haljina, haljina sa ma\u0161nom, haljina za proslave, haljina za fotografisanje.","robots":{"index":"index","follow":"follow","max-snippet":"max-snippet:-1","max-image-preview":"max-image-preview:large","max-video-preview":"max-video-preview:-1"},"canonical":"https:\/\/www.kalinas.rs\/prodavnica\/kalinin-orman\/haljinice\/haljinica-lilies\/","og_locale":"en_US","og_type":"article","og_title":"Haljinica Lilies - Kalina&#039;s story","og_description":"De\u010dija haljina, sve\u010dana haljina, til haljina, haljina za devoj\u010dice, elegantna haljina, haljina za ro\u0111endan,novogodisnja haljina, bela haljina, haljina sa ma\u0161nom, haljina za proslave, haljina za fotografisanje.","og_url":"https:\/\/www.kalinas.rs\/prodavnica\/kalinin-orman\/haljinice\/haljinica-lilies\/","og_site_name":"Kalina&#039;s story","article_modified_time":"2025-10-14T11:39:40+00:00","og_image":[{"width":2048,"height":2560,"url":"https:\/\/www.kalinas.rs\/wp-content\/uploads\/2024\/11\/29B0D688-2920-4BD8-BCD8-E298F0F68412-scaled.jpeg","type":"image\/jpeg"}],"twitter_card":"summary_large_image","schema":{"@context":"https:\/\/schema.org","@graph":[{"@type":"WebPage","@id":"https:\/\/www.kalinas.rs\/prodavnica\/kalinin-orman\/haljinice\/haljinica-lilies\/","url":"https:\/\/www.kalinas.rs\/prodavnica\/kalinin-orman\/haljinice\/haljinica-lilies\/","name":"Haljinica Lilies - Kalina&#039;s story","isPartOf":{"@id":"https:\/\/www.kalinas.rs\/#website"},"primaryImageOfPage":{"@id":"https:\/\/www.kalinas.rs\/prodavnica\/kalinin-orman\/haljinice\/haljinica-lilies\/#primaryimage"},"image":{"@id":"https:\/\/www.kalinas.rs\/prodavnica\/kalinin-orman\/haljinice\/haljinica-lilies\/#primaryimage"},"thumbnailUrl":"https:\/\/www.kalinas.rs\/wp-content\/uploads\/2024\/11\/29B0D688-2920-4BD8-BCD8-E298F0F68412-scaled.jpeg","datePublished":"2024-11-21T12:15:24+00:00","dateModified":"2025-10-14T11:39:40+00:00","description":"De\u010dija haljina, sve\u010dana haljina, til haljina, haljina za devoj\u010dice, elegantna haljina, haljina za ro\u0111endan,novogodisnja haljina, bela haljina, haljina sa ma\u0161nom, haljina za proslave, haljina za fotografisanje.","breadcrumb":{"@id":"https:\/\/www.kalinas.rs\/prodavnica\/kalinin-orman\/haljinice\/haljinica-lilies\/#breadcrumb"},"inLanguage":"en-US","potentialAction":[{"@type":"ReadAction","target":["https:\/\/www.kalinas.rs\/prodavnica\/kalinin-orman\/haljinice\/haljinica-lilies\/"]}]},{"@type":"ImageObject","inLanguage":"en-US","@id":"https:\/\/www.kalinas.rs\/prodavnica\/kalinin-orman\/haljinice\/haljinica-lilies\/#primaryimage","url":"https:\/\/www.kalinas.rs\/wp-content\/uploads\/2024\/11\/29B0D688-2920-4BD8-BCD8-E298F0F68412-scaled.jpeg","contentUrl":"https:\/\/www.kalinas.rs\/wp-content\/uploads\/2024\/11\/29B0D688-2920-4BD8-BCD8-E298F0F68412-scaled.jpeg","width":2048,"height":2560},{"@type":"BreadcrumbList","@id":"https:\/\/www.kalinas.rs\/prodavnica\/kalinin-orman\/haljinice\/haljinica-lilies\/#breadcrumb","itemListElement":[{"@type":"ListItem","position":1,"name":"Home","item":"https:\/\/www.kalinas.rs\/en\/"},{"@type":"ListItem","position":2,"name":"Shop","item":"https:\/\/www.kalinas.rs\/en\/shop\/"},{"@type":"ListItem","position":3,"name":"Haljinica Lilies"}]},{"@type":"WebSite","@id":"https:\/\/www.kalinas.rs\/#website","url":"https:\/\/www.kalinas.rs\/","name":"Kalina&#039;s story","description":"Classic Baby and Girls Clothes","publisher":{"@id":"https:\/\/www.kalinas.rs\/#organization"},"potentialAction":[{"@type":"SearchAction","target":{"@type":"EntryPoint","urlTemplate":"https:\/\/www.kalinas.rs\/?s={search_term_string}"},"query-input":{"@type":"PropertyValueSpecification","valueRequired":true,"valueName":"search_term_string"}}],"inLanguage":"en-US"},{"@type":"Organization","@id":"https:\/\/www.kalinas.rs\/#organization","name":"Kalina's story","url":"https:\/\/www.kalinas.rs\/","logo":{"@type":"ImageObject","inLanguage":"en-US","@id":"https:\/\/www.kalinas.rs\/#\/schema\/logo\/image\/","url":"https:\/\/www.kalinas.rs\/wp-content\/uploads\/2019\/05\/kalinas-logo.png","contentUrl":"https:\/\/www.kalinas.rs\/wp-content\/uploads\/2019\/05\/kalinas-logo.png","width":300,"height":300,"caption":"Kalina's story"},"image":{"@id":"https:\/\/www.kalinas.rs\/#\/schema\/logo\/image\/"},"sameAs":["https:\/\/www.instagram.com\/kalina__s\/"]}]}},"_links":{"self":[{"href":"https:\/\/www.kalinas.rs\/en\/wp-json\/wp\/v2\/product\/5254","targetHints":{"allow":["GET"]}}],"collection":[{"href":"https:\/\/www.kalinas.rs\/en\/wp-json\/wp\/v2\/product"}],"about":[{"href":"https:\/\/www.kalinas.rs\/en\/wp-json\/wp\/v2\/types\/product"}],"wp:featuredmedia":[{"embeddable":true,"href":"https:\/\/www.kalinas.rs\/en\/wp-json\/wp\/v2\/media\/5255"}],"wp:attachment":[{"href":"https:\/\/www.kalinas.rs\/en\/wp-json\/wp\/v2\/media?parent=5254"}],"wp:term":[{"taxonomy":"product_brand","embeddable":true,"href":"https:\/\/www.kalinas.rs\/en\/wp-json\/wp\/v2\/product_brand?post=5254"},{"taxonomy":"product_cat","embeddable":true,"href":"https:\/\/www.kalinas.rs\/en\/wp-json\/wp\/v2\/product_cat?post=5254"},{"taxonomy":"product_tag","embeddable":true,"href":"https:\/\/www.kalinas.rs\/en\/wp-json\/wp\/v2\/product_tag?post=5254"}],"curies":[{"name":"wp","href":"https:\/\/api.w.org\/{rel}","templated":true}]}}