{"id":5365,"date":"2025-03-03T14:21:06","date_gmt":"2025-03-03T13:21:06","guid":{"rendered":"https:\/\/www.kalinas.rs\/?post_type=product&#038;p=5365"},"modified":"2025-11-30T23:05:03","modified_gmt":"2025-11-30T22:05:03","slug":"haljinica-dora","status":"publish","type":"product","link":"https:\/\/www.kalinas.rs\/en\/prodavnica\/kalinas-closet\/dresses\/haljinica-dora\/","title":{"rendered":"Haljinica DORA"},"content":{"rendered":"","protected":false},"excerpt":{"rendered":"<p>Haljinica Dora -romanti\u010dna i elegantna sa akcentom na veliki cveti\u0107 dostupna u dve boje: bela i roze<\/p>\n","protected":false},"featured_media":5370,"template":"","meta":[],"product_brand":[],"product_cat":[50,63],"product_tag":[185,250,270,271,254,284,234,253,252,195,295],"class_list":{"0":"post-5365","1":"product","2":"type-product","3":"status-publish","4":"has-post-thumbnail","6":"product_cat-kalinin-orman","7":"product_cat-haljinice","8":"product_tag-haljinica-za-devojcice","9":"product_tag-haljinica-za-prvi-rodjendan","10":"product_tag-haljinice-za-devojcice","11":"product_tag-haljinice-za-prvi-rodjendan","12":"product_tag-krstenje","13":"product_tag-mala-matura","14":"product_tag-prvi-rodjendan","15":"product_tag-rodjendan","16":"product_tag-suknjica-za-devojcice","17":"product_tag-svecane-haljinice","18":"product_tag-svecane-haljinice-za-devojcice","19":"pa_boja-bela","20":"pa_boja-bez","21":"pa_boja-crna","22":"pa_boja-plava","23":"pa_boja-roze","24":"pa_velicina-1-god","25":"pa_velicina-10-god","26":"pa_velicina-12god","27":"pa_velicina-14-god","28":"pa_velicina-2-god","29":"pa_velicina-4-god","30":"pa_velicina-6-god","31":"pa_velicina-8-god","33":"first","34":"instock","35":"shipping-taxable","36":"purchasable","37":"product-type-variable"},"yoast_head":"<!-- This site is optimized with the Yoast SEO plugin v27.5 - https:\/\/yoast.com\/product\/yoast-seo-wordpress\/ -->\n<title>svecana haljinica, haljina za rodjendan,<\/title>\n<meta name=\"description\" content=\"de\u010dija sve\u010dana haljina, haljina za devoj\u010dice, haljina za kr\u0161tenje, haljina za ro\u0111endan, elegantna haljina, haljina za proslave, kvalitetna de\u010dija garderoba, sve\u010dana ode\u0107a za decu, haljine za posebne prilike, de\u010dija moda\" \/>\n<meta name=\"robots\" content=\"index, follow, max-snippet:-1, max-image-preview:large, max-video-preview:-1\" \/>\n<link rel=\"canonical\" href=\"https:\/\/www.kalinas.rs\/prodavnica\/kalinin-orman\/haljinice\/haljinica-dora\/\" \/>\n<meta property=\"og:locale\" content=\"en_US\" \/>\n<meta property=\"og:type\" content=\"article\" \/>\n<meta property=\"og:title\" content=\"svecana haljinica, haljina za rodjendan,\" \/>\n<meta property=\"og:description\" content=\"de\u010dija sve\u010dana haljina, haljina za devoj\u010dice, haljina za kr\u0161tenje, haljina za ro\u0111endan, elegantna haljina, haljina za proslave, kvalitetna de\u010dija garderoba, sve\u010dana ode\u0107a za decu, haljine za posebne prilike, de\u010dija moda\" \/>\n<meta property=\"og:url\" content=\"https:\/\/www.kalinas.rs\/prodavnica\/kalinin-orman\/haljinice\/haljinica-dora\/\" \/>\n<meta property=\"og:site_name\" content=\"Kalina&#039;s story\" \/>\n<meta property=\"article:modified_time\" content=\"2025-11-30T22:05:03+00:00\" \/>\n<meta property=\"og:image\" content=\"https:\/\/www.kalinas.rs\/wp-content\/uploads\/2025\/03\/IMG_1124-scaled.jpeg\" \/>\n\t<meta property=\"og:image:width\" content=\"1707\" \/>\n\t<meta property=\"og:image:height\" content=\"2560\" \/>\n\t<meta property=\"og:image:type\" content=\"image\/jpeg\" \/>\n<meta name=\"twitter:card\" content=\"summary_large_image\" \/>\n<script type=\"application\/ld+json\" class=\"yoast-schema-graph\">{\"@context\":\"https:\\\/\\\/schema.org\",\"@graph\":[{\"@type\":\"WebPage\",\"@id\":\"https:\\\/\\\/www.kalinas.rs\\\/prodavnica\\\/kalinin-orman\\\/haljinice\\\/haljinica-dora\\\/\",\"url\":\"https:\\\/\\\/www.kalinas.rs\\\/prodavnica\\\/kalinin-orman\\\/haljinice\\\/haljinica-dora\\\/\",\"name\":\"svecana haljinica, haljina za rodjendan,\",\"isPartOf\":{\"@id\":\"https:\\\/\\\/www.kalinas.rs\\\/#website\"},\"primaryImageOfPage\":{\"@id\":\"https:\\\/\\\/www.kalinas.rs\\\/prodavnica\\\/kalinin-orman\\\/haljinice\\\/haljinica-dora\\\/#primaryimage\"},\"image\":{\"@id\":\"https:\\\/\\\/www.kalinas.rs\\\/prodavnica\\\/kalinin-orman\\\/haljinice\\\/haljinica-dora\\\/#primaryimage\"},\"thumbnailUrl\":\"https:\\\/\\\/www.kalinas.rs\\\/wp-content\\\/uploads\\\/2025\\\/03\\\/IMG_1124-scaled.jpeg\",\"datePublished\":\"2025-03-03T13:21:06+00:00\",\"dateModified\":\"2025-11-30T22:05:03+00:00\",\"description\":\"de\u010dija sve\u010dana haljina, haljina za devoj\u010dice, haljina za kr\u0161tenje, haljina za ro\u0111endan, elegantna haljina, haljina za proslave, kvalitetna de\u010dija garderoba, sve\u010dana ode\u0107a za decu, haljine za posebne prilike, de\u010dija moda\",\"breadcrumb\":{\"@id\":\"https:\\\/\\\/www.kalinas.rs\\\/prodavnica\\\/kalinin-orman\\\/haljinice\\\/haljinica-dora\\\/#breadcrumb\"},\"inLanguage\":\"en-US\",\"potentialAction\":[{\"@type\":\"ReadAction\",\"target\":[\"https:\\\/\\\/www.kalinas.rs\\\/prodavnica\\\/kalinin-orman\\\/haljinice\\\/haljinica-dora\\\/\"]}]},{\"@type\":\"ImageObject\",\"inLanguage\":\"en-US\",\"@id\":\"https:\\\/\\\/www.kalinas.rs\\\/prodavnica\\\/kalinin-orman\\\/haljinice\\\/haljinica-dora\\\/#primaryimage\",\"url\":\"https:\\\/\\\/www.kalinas.rs\\\/wp-content\\\/uploads\\\/2025\\\/03\\\/IMG_1124-scaled.jpeg\",\"contentUrl\":\"https:\\\/\\\/www.kalinas.rs\\\/wp-content\\\/uploads\\\/2025\\\/03\\\/IMG_1124-scaled.jpeg\",\"width\":1707,\"height\":2560},{\"@type\":\"BreadcrumbList\",\"@id\":\"https:\\\/\\\/www.kalinas.rs\\\/prodavnica\\\/kalinin-orman\\\/haljinice\\\/haljinica-dora\\\/#breadcrumb\",\"itemListElement\":[{\"@type\":\"ListItem\",\"position\":1,\"name\":\"Home\",\"item\":\"https:\\\/\\\/www.kalinas.rs\\\/en\\\/\"},{\"@type\":\"ListItem\",\"position\":2,\"name\":\"Shop\",\"item\":\"https:\\\/\\\/www.kalinas.rs\\\/en\\\/shop\\\/\"},{\"@type\":\"ListItem\",\"position\":3,\"name\":\"Haljinica DORA\"}]},{\"@type\":\"WebSite\",\"@id\":\"https:\\\/\\\/www.kalinas.rs\\\/#website\",\"url\":\"https:\\\/\\\/www.kalinas.rs\\\/\",\"name\":\"Kalina&#039;s story\",\"description\":\"Classic Baby and Girls Clothes\",\"publisher\":{\"@id\":\"https:\\\/\\\/www.kalinas.rs\\\/#organization\"},\"potentialAction\":[{\"@type\":\"SearchAction\",\"target\":{\"@type\":\"EntryPoint\",\"urlTemplate\":\"https:\\\/\\\/www.kalinas.rs\\\/?s={search_term_string}\"},\"query-input\":{\"@type\":\"PropertyValueSpecification\",\"valueRequired\":true,\"valueName\":\"search_term_string\"}}],\"inLanguage\":\"en-US\"},{\"@type\":\"Organization\",\"@id\":\"https:\\\/\\\/www.kalinas.rs\\\/#organization\",\"name\":\"Kalina's story\",\"url\":\"https:\\\/\\\/www.kalinas.rs\\\/\",\"logo\":{\"@type\":\"ImageObject\",\"inLanguage\":\"en-US\",\"@id\":\"https:\\\/\\\/www.kalinas.rs\\\/#\\\/schema\\\/logo\\\/image\\\/\",\"url\":\"https:\\\/\\\/www.kalinas.rs\\\/wp-content\\\/uploads\\\/2019\\\/05\\\/kalinas-logo.png\",\"contentUrl\":\"https:\\\/\\\/www.kalinas.rs\\\/wp-content\\\/uploads\\\/2019\\\/05\\\/kalinas-logo.png\",\"width\":300,\"height\":300,\"caption\":\"Kalina's story\"},\"image\":{\"@id\":\"https:\\\/\\\/www.kalinas.rs\\\/#\\\/schema\\\/logo\\\/image\\\/\"},\"sameAs\":[\"https:\\\/\\\/www.instagram.com\\\/kalina__s\\\/\"]}]}<\/script>\n<!-- \/ Yoast SEO plugin. -->","yoast_head_json":{"title":"svecana haljinica, haljina za rodjendan,","description":"de\u010dija sve\u010dana haljina, haljina za devoj\u010dice, haljina za kr\u0161tenje, haljina za ro\u0111endan, elegantna haljina, haljina za proslave, kvalitetna de\u010dija garderoba, sve\u010dana ode\u0107a za decu, haljine za posebne prilike, de\u010dija moda","robots":{"index":"index","follow":"follow","max-snippet":"max-snippet:-1","max-image-preview":"max-image-preview:large","max-video-preview":"max-video-preview:-1"},"canonical":"https:\/\/www.kalinas.rs\/prodavnica\/kalinin-orman\/haljinice\/haljinica-dora\/","og_locale":"en_US","og_type":"article","og_title":"svecana haljinica, haljina za rodjendan,","og_description":"de\u010dija sve\u010dana haljina, haljina za devoj\u010dice, haljina za kr\u0161tenje, haljina za ro\u0111endan, elegantna haljina, haljina za proslave, kvalitetna de\u010dija garderoba, sve\u010dana ode\u0107a za decu, haljine za posebne prilike, de\u010dija moda","og_url":"https:\/\/www.kalinas.rs\/prodavnica\/kalinin-orman\/haljinice\/haljinica-dora\/","og_site_name":"Kalina&#039;s story","article_modified_time":"2025-11-30T22:05:03+00:00","og_image":[{"width":1707,"height":2560,"url":"https:\/\/www.kalinas.rs\/wp-content\/uploads\/2025\/03\/IMG_1124-scaled.jpeg","type":"image\/jpeg"}],"twitter_card":"summary_large_image","schema":{"@context":"https:\/\/schema.org","@graph":[{"@type":"WebPage","@id":"https:\/\/www.kalinas.rs\/prodavnica\/kalinin-orman\/haljinice\/haljinica-dora\/","url":"https:\/\/www.kalinas.rs\/prodavnica\/kalinin-orman\/haljinice\/haljinica-dora\/","name":"svecana haljinica, haljina za rodjendan,","isPartOf":{"@id":"https:\/\/www.kalinas.rs\/#website"},"primaryImageOfPage":{"@id":"https:\/\/www.kalinas.rs\/prodavnica\/kalinin-orman\/haljinice\/haljinica-dora\/#primaryimage"},"image":{"@id":"https:\/\/www.kalinas.rs\/prodavnica\/kalinin-orman\/haljinice\/haljinica-dora\/#primaryimage"},"thumbnailUrl":"https:\/\/www.kalinas.rs\/wp-content\/uploads\/2025\/03\/IMG_1124-scaled.jpeg","datePublished":"2025-03-03T13:21:06+00:00","dateModified":"2025-11-30T22:05:03+00:00","description":"de\u010dija sve\u010dana haljina, haljina za devoj\u010dice, haljina za kr\u0161tenje, haljina za ro\u0111endan, elegantna haljina, haljina za proslave, kvalitetna de\u010dija garderoba, sve\u010dana ode\u0107a za decu, haljine za posebne prilike, de\u010dija moda","breadcrumb":{"@id":"https:\/\/www.kalinas.rs\/prodavnica\/kalinin-orman\/haljinice\/haljinica-dora\/#breadcrumb"},"inLanguage":"en-US","potentialAction":[{"@type":"ReadAction","target":["https:\/\/www.kalinas.rs\/prodavnica\/kalinin-orman\/haljinice\/haljinica-dora\/"]}]},{"@type":"ImageObject","inLanguage":"en-US","@id":"https:\/\/www.kalinas.rs\/prodavnica\/kalinin-orman\/haljinice\/haljinica-dora\/#primaryimage","url":"https:\/\/www.kalinas.rs\/wp-content\/uploads\/2025\/03\/IMG_1124-scaled.jpeg","contentUrl":"https:\/\/www.kalinas.rs\/wp-content\/uploads\/2025\/03\/IMG_1124-scaled.jpeg","width":1707,"height":2560},{"@type":"BreadcrumbList","@id":"https:\/\/www.kalinas.rs\/prodavnica\/kalinin-orman\/haljinice\/haljinica-dora\/#breadcrumb","itemListElement":[{"@type":"ListItem","position":1,"name":"Home","item":"https:\/\/www.kalinas.rs\/en\/"},{"@type":"ListItem","position":2,"name":"Shop","item":"https:\/\/www.kalinas.rs\/en\/shop\/"},{"@type":"ListItem","position":3,"name":"Haljinica DORA"}]},{"@type":"WebSite","@id":"https:\/\/www.kalinas.rs\/#website","url":"https:\/\/www.kalinas.rs\/","name":"Kalina&#039;s story","description":"Classic Baby and Girls Clothes","publisher":{"@id":"https:\/\/www.kalinas.rs\/#organization"},"potentialAction":[{"@type":"SearchAction","target":{"@type":"EntryPoint","urlTemplate":"https:\/\/www.kalinas.rs\/?s={search_term_string}"},"query-input":{"@type":"PropertyValueSpecification","valueRequired":true,"valueName":"search_term_string"}}],"inLanguage":"en-US"},{"@type":"Organization","@id":"https:\/\/www.kalinas.rs\/#organization","name":"Kalina's story","url":"https:\/\/www.kalinas.rs\/","logo":{"@type":"ImageObject","inLanguage":"en-US","@id":"https:\/\/www.kalinas.rs\/#\/schema\/logo\/image\/","url":"https:\/\/www.kalinas.rs\/wp-content\/uploads\/2019\/05\/kalinas-logo.png","contentUrl":"https:\/\/www.kalinas.rs\/wp-content\/uploads\/2019\/05\/kalinas-logo.png","width":300,"height":300,"caption":"Kalina's story"},"image":{"@id":"https:\/\/www.kalinas.rs\/#\/schema\/logo\/image\/"},"sameAs":["https:\/\/www.instagram.com\/kalina__s\/"]}]}},"_links":{"self":[{"href":"https:\/\/www.kalinas.rs\/en\/wp-json\/wp\/v2\/product\/5365","targetHints":{"allow":["GET"]}}],"collection":[{"href":"https:\/\/www.kalinas.rs\/en\/wp-json\/wp\/v2\/product"}],"about":[{"href":"https:\/\/www.kalinas.rs\/en\/wp-json\/wp\/v2\/types\/product"}],"wp:featuredmedia":[{"embeddable":true,"href":"https:\/\/www.kalinas.rs\/en\/wp-json\/wp\/v2\/media\/5370"}],"wp:attachment":[{"href":"https:\/\/www.kalinas.rs\/en\/wp-json\/wp\/v2\/media?parent=5365"}],"wp:term":[{"taxonomy":"product_brand","embeddable":true,"href":"https:\/\/www.kalinas.rs\/en\/wp-json\/wp\/v2\/product_brand?post=5365"},{"taxonomy":"product_cat","embeddable":true,"href":"https:\/\/www.kalinas.rs\/en\/wp-json\/wp\/v2\/product_cat?post=5365"},{"taxonomy":"product_tag","embeddable":true,"href":"https:\/\/www.kalinas.rs\/en\/wp-json\/wp\/v2\/product_tag?post=5365"}],"curies":[{"name":"wp","href":"https:\/\/api.w.org\/{rel}","templated":true}]}}