{"id":5397,"date":"2025-03-27T18:26:55","date_gmt":"2025-03-27T17:26:55","guid":{"rendered":"https:\/\/www.kalinas.rs\/?post_type=product&#038;p=5397"},"modified":"2026-03-23T15:59:11","modified_gmt":"2026-03-23T14:59:11","slug":"baletanke-02","status":"publish","type":"product","link":"https:\/\/www.kalinas.rs\/en\/prodavnica\/kalinin-orman\/obuca\/baletanke-02\/","title":{"rendered":"Baletanke 02"},"content":{"rendered":"<p>Prona\u0111ite savr\u0161ene baletanke za devoj\u010dice koje kombinuju udobnost, kvalitet i moderan dizajn. Na\u0161e baletanke izra\u0111ene su od mekanih materijala koji pru\u017eaju sigurnost i prijatan ose\u0107aj tokom celog dana. Idealne su za sve prilike \u2013 od sve\u010danih doga\u0111aja do svakodnevnih avantura. Veliki izbor boja i modela za devoj\u010dice svih uzrasta. Poru\u010dite online i obradujte svoju princezu savr\u0161enim parom baletanki<\/p>\n","protected":false},"excerpt":{"rendered":"<p class=\"p1\" style=\"text-align: center;\"><span class=\"s1\">Karakteristike proizvoda:<\/span><\/p>\n<p class=\"p1\"><span class=\"s2\"> 1. 100% gumeni \u0111on<\/span><\/p>\n<p class=\"p1\"><span class=\"s2\"> 2. Italijanska eko-ko\u017ea<\/span><\/p>\n<p class=\"p1\"><span class=\"s2\"> 3. Ortopedski ulo\u017eak<\/span><\/p>\n<p class=\"p1\"><span class=\"s2\"> 4. Lako se obuvaju<\/span><\/p>\n<p class=\"p1\"><span class=\"s2\"> 5. Kalup punog oblika<\/span><\/p>\n<p class=\"p1\"><span class=\"s2\"> 6. Antibakterijska svojstva<\/span><\/p>\n<p class=\"p1\"><span class=\"s2\"> 7. Ne sadr\u017ei kancerogene supstance<\/span><\/p>\n<p class=\"p1\"><span class=\"s2\">8. 100% ru\u010dna izrada<\/span><\/p>\n<p class=\"p1\"><span class=\"s2\">9. \u00a0Proizvodnja po evropskim standardima<\/span><\/p>\n<p class=\"p1\"><span class=\"s2\">10. Protivklizni \u0111on<\/span><\/p>\n<p class=\"p1\"><span class=\"s2\"> 12. Ulo\u017eak od memorijske pene<\/span><\/p>\n","protected":false},"featured_media":5398,"template":"","meta":[],"product_brand":[],"product_cat":[50,316],"product_tag":[322,312,309,313,323],"class_list":{"0":"post-5397","1":"product","2":"type-product","3":"status-publish","4":"has-post-thumbnail","6":"product_cat-kalinin-orman","7":"product_cat-obuca","8":"product_tag-baletake","9":"product_tag-baletanke-sa-masnom","10":"product_tag-baletanke-za-devojcice","11":"product_tag-cipelice-za-devojcice","12":"product_tag-srebrne-baletanke","13":"pa_velicina-317","14":"pa_velicina-318","15":"pa_velicina-319","16":"pa_velicina-320","17":"pa_velicina-321","19":"first","20":"instock","21":"shipping-taxable","22":"purchasable","23":"product-type-variable"},"yoast_head":"<!-- This site is optimized with the Yoast SEO plugin v27.4 - https:\/\/yoast.com\/product\/yoast-seo-wordpress\/ -->\n<title>Baletanke 02 - Kalina&#039;s story<\/title>\n<meta name=\"description\" content=\"Baletanke za devoj\u010dice koje kombinuju kvalitetne materijale i prefinjen dizajn.Izaberite baletanke za devoj\u010dice \u2013 elegantne, lagane i prilago\u0111ene malim koracima.\" \/>\n<meta name=\"robots\" content=\"index, follow, max-snippet:-1, max-image-preview:large, max-video-preview:-1\" \/>\n<link rel=\"canonical\" href=\"https:\/\/www.kalinas.rs\/prodavnica\/kalinin-orman\/obuca\/baletanke-02\/\" \/>\n<meta property=\"og:locale\" content=\"en_US\" \/>\n<meta property=\"og:type\" content=\"article\" \/>\n<meta property=\"og:title\" content=\"Baletanke 02 - Kalina&#039;s story\" \/>\n<meta property=\"og:description\" content=\"Baletanke za devoj\u010dice koje kombinuju kvalitetne materijale i prefinjen dizajn.Izaberite baletanke za devoj\u010dice \u2013 elegantne, lagane i prilago\u0111ene malim koracima.\" \/>\n<meta property=\"og:url\" content=\"https:\/\/www.kalinas.rs\/prodavnica\/kalinin-orman\/obuca\/baletanke-02\/\" \/>\n<meta property=\"og:site_name\" content=\"Kalina&#039;s story\" \/>\n<meta property=\"article:modified_time\" content=\"2026-03-23T14:59:11+00:00\" \/>\n<meta property=\"og:image\" content=\"https:\/\/www.kalinas.rs\/wp-content\/uploads\/2025\/03\/IMG_1722.jpeg\" \/>\n\t<meta property=\"og:image:width\" content=\"1284\" \/>\n\t<meta property=\"og:image:height\" content=\"1595\" \/>\n\t<meta property=\"og:image:type\" content=\"image\/jpeg\" \/>\n<meta name=\"twitter:card\" content=\"summary_large_image\" \/>\n<script type=\"application\/ld+json\" class=\"yoast-schema-graph\">{\"@context\":\"https:\\\/\\\/schema.org\",\"@graph\":[{\"@type\":\"WebPage\",\"@id\":\"https:\\\/\\\/www.kalinas.rs\\\/prodavnica\\\/kalinin-orman\\\/obuca\\\/baletanke-02\\\/\",\"url\":\"https:\\\/\\\/www.kalinas.rs\\\/prodavnica\\\/kalinin-orman\\\/obuca\\\/baletanke-02\\\/\",\"name\":\"Baletanke 02 - Kalina&#039;s story\",\"isPartOf\":{\"@id\":\"https:\\\/\\\/www.kalinas.rs\\\/#website\"},\"primaryImageOfPage\":{\"@id\":\"https:\\\/\\\/www.kalinas.rs\\\/prodavnica\\\/kalinin-orman\\\/obuca\\\/baletanke-02\\\/#primaryimage\"},\"image\":{\"@id\":\"https:\\\/\\\/www.kalinas.rs\\\/prodavnica\\\/kalinin-orman\\\/obuca\\\/baletanke-02\\\/#primaryimage\"},\"thumbnailUrl\":\"https:\\\/\\\/www.kalinas.rs\\\/wp-content\\\/uploads\\\/2025\\\/03\\\/IMG_1722.jpeg\",\"datePublished\":\"2025-03-27T17:26:55+00:00\",\"dateModified\":\"2026-03-23T14:59:11+00:00\",\"description\":\"Baletanke za devoj\u010dice koje kombinuju kvalitetne materijale i prefinjen dizajn.Izaberite baletanke za devoj\u010dice \u2013 elegantne, lagane i prilago\u0111ene malim koracima.\",\"breadcrumb\":{\"@id\":\"https:\\\/\\\/www.kalinas.rs\\\/prodavnica\\\/kalinin-orman\\\/obuca\\\/baletanke-02\\\/#breadcrumb\"},\"inLanguage\":\"en-US\",\"potentialAction\":[{\"@type\":\"ReadAction\",\"target\":[\"https:\\\/\\\/www.kalinas.rs\\\/prodavnica\\\/kalinin-orman\\\/obuca\\\/baletanke-02\\\/\"]}]},{\"@type\":\"ImageObject\",\"inLanguage\":\"en-US\",\"@id\":\"https:\\\/\\\/www.kalinas.rs\\\/prodavnica\\\/kalinin-orman\\\/obuca\\\/baletanke-02\\\/#primaryimage\",\"url\":\"https:\\\/\\\/www.kalinas.rs\\\/wp-content\\\/uploads\\\/2025\\\/03\\\/IMG_1722.jpeg\",\"contentUrl\":\"https:\\\/\\\/www.kalinas.rs\\\/wp-content\\\/uploads\\\/2025\\\/03\\\/IMG_1722.jpeg\",\"width\":1284,\"height\":1595},{\"@type\":\"BreadcrumbList\",\"@id\":\"https:\\\/\\\/www.kalinas.rs\\\/prodavnica\\\/kalinin-orman\\\/obuca\\\/baletanke-02\\\/#breadcrumb\",\"itemListElement\":[{\"@type\":\"ListItem\",\"position\":1,\"name\":\"Home\",\"item\":\"https:\\\/\\\/www.kalinas.rs\\\/en\\\/\"},{\"@type\":\"ListItem\",\"position\":2,\"name\":\"Shop\",\"item\":\"https:\\\/\\\/www.kalinas.rs\\\/en\\\/shop\\\/\"},{\"@type\":\"ListItem\",\"position\":3,\"name\":\"Baletanke 02\"}]},{\"@type\":\"WebSite\",\"@id\":\"https:\\\/\\\/www.kalinas.rs\\\/#website\",\"url\":\"https:\\\/\\\/www.kalinas.rs\\\/\",\"name\":\"Kalina&#039;s story\",\"description\":\"Classic Baby and Girls Clothes\",\"publisher\":{\"@id\":\"https:\\\/\\\/www.kalinas.rs\\\/#organization\"},\"potentialAction\":[{\"@type\":\"SearchAction\",\"target\":{\"@type\":\"EntryPoint\",\"urlTemplate\":\"https:\\\/\\\/www.kalinas.rs\\\/?s={search_term_string}\"},\"query-input\":{\"@type\":\"PropertyValueSpecification\",\"valueRequired\":true,\"valueName\":\"search_term_string\"}}],\"inLanguage\":\"en-US\"},{\"@type\":\"Organization\",\"@id\":\"https:\\\/\\\/www.kalinas.rs\\\/#organization\",\"name\":\"Kalina's story\",\"url\":\"https:\\\/\\\/www.kalinas.rs\\\/\",\"logo\":{\"@type\":\"ImageObject\",\"inLanguage\":\"en-US\",\"@id\":\"https:\\\/\\\/www.kalinas.rs\\\/#\\\/schema\\\/logo\\\/image\\\/\",\"url\":\"https:\\\/\\\/www.kalinas.rs\\\/wp-content\\\/uploads\\\/2019\\\/05\\\/kalinas-logo.png\",\"contentUrl\":\"https:\\\/\\\/www.kalinas.rs\\\/wp-content\\\/uploads\\\/2019\\\/05\\\/kalinas-logo.png\",\"width\":300,\"height\":300,\"caption\":\"Kalina's story\"},\"image\":{\"@id\":\"https:\\\/\\\/www.kalinas.rs\\\/#\\\/schema\\\/logo\\\/image\\\/\"},\"sameAs\":[\"https:\\\/\\\/www.instagram.com\\\/kalina__s\\\/\"]}]}<\/script>\n<!-- \/ Yoast SEO plugin. -->","yoast_head_json":{"title":"Baletanke 02 - Kalina&#039;s story","description":"Baletanke za devoj\u010dice koje kombinuju kvalitetne materijale i prefinjen dizajn.Izaberite baletanke za devoj\u010dice \u2013 elegantne, lagane i prilago\u0111ene malim koracima.","robots":{"index":"index","follow":"follow","max-snippet":"max-snippet:-1","max-image-preview":"max-image-preview:large","max-video-preview":"max-video-preview:-1"},"canonical":"https:\/\/www.kalinas.rs\/prodavnica\/kalinin-orman\/obuca\/baletanke-02\/","og_locale":"en_US","og_type":"article","og_title":"Baletanke 02 - Kalina&#039;s story","og_description":"Baletanke za devoj\u010dice koje kombinuju kvalitetne materijale i prefinjen dizajn.Izaberite baletanke za devoj\u010dice \u2013 elegantne, lagane i prilago\u0111ene malim koracima.","og_url":"https:\/\/www.kalinas.rs\/prodavnica\/kalinin-orman\/obuca\/baletanke-02\/","og_site_name":"Kalina&#039;s story","article_modified_time":"2026-03-23T14:59:11+00:00","og_image":[{"width":1284,"height":1595,"url":"https:\/\/www.kalinas.rs\/wp-content\/uploads\/2025\/03\/IMG_1722.jpeg","type":"image\/jpeg"}],"twitter_card":"summary_large_image","schema":{"@context":"https:\/\/schema.org","@graph":[{"@type":"WebPage","@id":"https:\/\/www.kalinas.rs\/prodavnica\/kalinin-orman\/obuca\/baletanke-02\/","url":"https:\/\/www.kalinas.rs\/prodavnica\/kalinin-orman\/obuca\/baletanke-02\/","name":"Baletanke 02 - Kalina&#039;s story","isPartOf":{"@id":"https:\/\/www.kalinas.rs\/#website"},"primaryImageOfPage":{"@id":"https:\/\/www.kalinas.rs\/prodavnica\/kalinin-orman\/obuca\/baletanke-02\/#primaryimage"},"image":{"@id":"https:\/\/www.kalinas.rs\/prodavnica\/kalinin-orman\/obuca\/baletanke-02\/#primaryimage"},"thumbnailUrl":"https:\/\/www.kalinas.rs\/wp-content\/uploads\/2025\/03\/IMG_1722.jpeg","datePublished":"2025-03-27T17:26:55+00:00","dateModified":"2026-03-23T14:59:11+00:00","description":"Baletanke za devoj\u010dice koje kombinuju kvalitetne materijale i prefinjen dizajn.Izaberite baletanke za devoj\u010dice \u2013 elegantne, lagane i prilago\u0111ene malim koracima.","breadcrumb":{"@id":"https:\/\/www.kalinas.rs\/prodavnica\/kalinin-orman\/obuca\/baletanke-02\/#breadcrumb"},"inLanguage":"en-US","potentialAction":[{"@type":"ReadAction","target":["https:\/\/www.kalinas.rs\/prodavnica\/kalinin-orman\/obuca\/baletanke-02\/"]}]},{"@type":"ImageObject","inLanguage":"en-US","@id":"https:\/\/www.kalinas.rs\/prodavnica\/kalinin-orman\/obuca\/baletanke-02\/#primaryimage","url":"https:\/\/www.kalinas.rs\/wp-content\/uploads\/2025\/03\/IMG_1722.jpeg","contentUrl":"https:\/\/www.kalinas.rs\/wp-content\/uploads\/2025\/03\/IMG_1722.jpeg","width":1284,"height":1595},{"@type":"BreadcrumbList","@id":"https:\/\/www.kalinas.rs\/prodavnica\/kalinin-orman\/obuca\/baletanke-02\/#breadcrumb","itemListElement":[{"@type":"ListItem","position":1,"name":"Home","item":"https:\/\/www.kalinas.rs\/en\/"},{"@type":"ListItem","position":2,"name":"Shop","item":"https:\/\/www.kalinas.rs\/en\/shop\/"},{"@type":"ListItem","position":3,"name":"Baletanke 02"}]},{"@type":"WebSite","@id":"https:\/\/www.kalinas.rs\/#website","url":"https:\/\/www.kalinas.rs\/","name":"Kalina&#039;s story","description":"Classic Baby and Girls Clothes","publisher":{"@id":"https:\/\/www.kalinas.rs\/#organization"},"potentialAction":[{"@type":"SearchAction","target":{"@type":"EntryPoint","urlTemplate":"https:\/\/www.kalinas.rs\/?s={search_term_string}"},"query-input":{"@type":"PropertyValueSpecification","valueRequired":true,"valueName":"search_term_string"}}],"inLanguage":"en-US"},{"@type":"Organization","@id":"https:\/\/www.kalinas.rs\/#organization","name":"Kalina's story","url":"https:\/\/www.kalinas.rs\/","logo":{"@type":"ImageObject","inLanguage":"en-US","@id":"https:\/\/www.kalinas.rs\/#\/schema\/logo\/image\/","url":"https:\/\/www.kalinas.rs\/wp-content\/uploads\/2019\/05\/kalinas-logo.png","contentUrl":"https:\/\/www.kalinas.rs\/wp-content\/uploads\/2019\/05\/kalinas-logo.png","width":300,"height":300,"caption":"Kalina's story"},"image":{"@id":"https:\/\/www.kalinas.rs\/#\/schema\/logo\/image\/"},"sameAs":["https:\/\/www.instagram.com\/kalina__s\/"]}]}},"_links":{"self":[{"href":"https:\/\/www.kalinas.rs\/en\/wp-json\/wp\/v2\/product\/5397","targetHints":{"allow":["GET"]}}],"collection":[{"href":"https:\/\/www.kalinas.rs\/en\/wp-json\/wp\/v2\/product"}],"about":[{"href":"https:\/\/www.kalinas.rs\/en\/wp-json\/wp\/v2\/types\/product"}],"wp:featuredmedia":[{"embeddable":true,"href":"https:\/\/www.kalinas.rs\/en\/wp-json\/wp\/v2\/media\/5398"}],"wp:attachment":[{"href":"https:\/\/www.kalinas.rs\/en\/wp-json\/wp\/v2\/media?parent=5397"}],"wp:term":[{"taxonomy":"product_brand","embeddable":true,"href":"https:\/\/www.kalinas.rs\/en\/wp-json\/wp\/v2\/product_brand?post=5397"},{"taxonomy":"product_cat","embeddable":true,"href":"https:\/\/www.kalinas.rs\/en\/wp-json\/wp\/v2\/product_cat?post=5397"},{"taxonomy":"product_tag","embeddable":true,"href":"https:\/\/www.kalinas.rs\/en\/wp-json\/wp\/v2\/product_tag?post=5397"}],"curies":[{"name":"wp","href":"https:\/\/api.w.org\/{rel}","templated":true}]}}