{"id":5406,"date":"2025-03-28T08:37:19","date_gmt":"2025-03-28T07:37:19","guid":{"rendered":"https:\/\/www.kalinas.rs\/?post_type=product&#038;p=5406"},"modified":"2026-03-23T16:01:49","modified_gmt":"2026-03-23T15:01:49","slug":"baletanke-03","status":"publish","type":"product","link":"https:\/\/www.kalinas.rs\/en\/prodavnica\/kalinin-orman\/obuca\/baletanke-03\/","title":{"rendered":"Baletanke 03"},"content":{"rendered":"","protected":false},"excerpt":{"rendered":"","protected":false},"featured_media":5407,"template":"","meta":[],"product_brand":[],"product_cat":[50,316],"product_tag":[322,312,309,314,313,329],"class_list":{"0":"post-5406","1":"product","2":"type-product","3":"status-publish","4":"has-post-thumbnail","6":"product_cat-kalinin-orman","7":"product_cat-obuca","8":"product_tag-baletake","9":"product_tag-baletanke-sa-masnom","10":"product_tag-baletanke-za-devojcice","11":"product_tag-baletanke-za-princeze","12":"product_tag-cipelice-za-devojcice","13":"product_tag-roze-baletanke","14":"pa_velicina-317","15":"pa_velicina-318","16":"pa_velicina-319","17":"pa_velicina-320","18":"pa_velicina-321","19":"pa_velicina-325","21":"first","22":"instock","23":"shipping-taxable","24":"purchasable","25":"product-type-variable"},"yoast_head":"<!-- This site is optimized with the Yoast SEO plugin v27.4 - https:\/\/yoast.com\/product\/yoast-seo-wordpress\/ -->\n<title>Baletanke 03 - Kalina&#039;s story<\/title>\n<meta name=\"description\" content=\"baletanke za devoj\u010dice, de\u010dije baletanke, elegantne baletanke, sve\u010dane baletanke, baletanke za svaku priliku, udobne baletanke, de\u010dija obu\u0107a, cipele za devoj\u010dice, baletanke sa ma\u0161nom, modne baletanke\" \/>\n<meta name=\"robots\" content=\"index, follow, max-snippet:-1, max-image-preview:large, max-video-preview:-1\" \/>\n<link rel=\"canonical\" href=\"https:\/\/www.kalinas.rs\/prodavnica\/kalinin-orman\/obuca\/baletanke-03\/\" \/>\n<meta property=\"og:locale\" content=\"en_US\" \/>\n<meta property=\"og:type\" content=\"article\" \/>\n<meta property=\"og:title\" content=\"Baletanke 03 - Kalina&#039;s story\" \/>\n<meta property=\"og:description\" content=\"baletanke za devoj\u010dice, de\u010dije baletanke, elegantne baletanke, sve\u010dane baletanke, baletanke za svaku priliku, udobne baletanke, de\u010dija obu\u0107a, cipele za devoj\u010dice, baletanke sa ma\u0161nom, modne baletanke\" \/>\n<meta property=\"og:url\" content=\"https:\/\/www.kalinas.rs\/prodavnica\/kalinin-orman\/obuca\/baletanke-03\/\" \/>\n<meta property=\"og:site_name\" content=\"Kalina&#039;s story\" \/>\n<meta property=\"article:modified_time\" content=\"2026-03-23T15:01:49+00:00\" \/>\n<meta property=\"og:image\" content=\"https:\/\/www.kalinas.rs\/wp-content\/uploads\/2025\/03\/IMG_1464.jpeg\" \/>\n\t<meta property=\"og:image:width\" content=\"1284\" \/>\n\t<meta property=\"og:image:height\" content=\"1586\" \/>\n\t<meta property=\"og:image:type\" content=\"image\/jpeg\" \/>\n<meta name=\"twitter:card\" content=\"summary_large_image\" \/>\n<script type=\"application\/ld+json\" class=\"yoast-schema-graph\">{\"@context\":\"https:\\\/\\\/schema.org\",\"@graph\":[{\"@type\":\"WebPage\",\"@id\":\"https:\\\/\\\/www.kalinas.rs\\\/prodavnica\\\/kalinin-orman\\\/obuca\\\/baletanke-03\\\/\",\"url\":\"https:\\\/\\\/www.kalinas.rs\\\/prodavnica\\\/kalinin-orman\\\/obuca\\\/baletanke-03\\\/\",\"name\":\"Baletanke 03 - Kalina&#039;s story\",\"isPartOf\":{\"@id\":\"https:\\\/\\\/www.kalinas.rs\\\/#website\"},\"primaryImageOfPage\":{\"@id\":\"https:\\\/\\\/www.kalinas.rs\\\/prodavnica\\\/kalinin-orman\\\/obuca\\\/baletanke-03\\\/#primaryimage\"},\"image\":{\"@id\":\"https:\\\/\\\/www.kalinas.rs\\\/prodavnica\\\/kalinin-orman\\\/obuca\\\/baletanke-03\\\/#primaryimage\"},\"thumbnailUrl\":\"https:\\\/\\\/www.kalinas.rs\\\/wp-content\\\/uploads\\\/2025\\\/03\\\/IMG_1464.jpeg\",\"datePublished\":\"2025-03-28T07:37:19+00:00\",\"dateModified\":\"2026-03-23T15:01:49+00:00\",\"description\":\"baletanke za devoj\u010dice, de\u010dije baletanke, elegantne baletanke, sve\u010dane baletanke, baletanke za svaku priliku, udobne baletanke, de\u010dija obu\u0107a, cipele za devoj\u010dice, baletanke sa ma\u0161nom, modne baletanke\",\"breadcrumb\":{\"@id\":\"https:\\\/\\\/www.kalinas.rs\\\/prodavnica\\\/kalinin-orman\\\/obuca\\\/baletanke-03\\\/#breadcrumb\"},\"inLanguage\":\"en-US\",\"potentialAction\":[{\"@type\":\"ReadAction\",\"target\":[\"https:\\\/\\\/www.kalinas.rs\\\/prodavnica\\\/kalinin-orman\\\/obuca\\\/baletanke-03\\\/\"]}]},{\"@type\":\"ImageObject\",\"inLanguage\":\"en-US\",\"@id\":\"https:\\\/\\\/www.kalinas.rs\\\/prodavnica\\\/kalinin-orman\\\/obuca\\\/baletanke-03\\\/#primaryimage\",\"url\":\"https:\\\/\\\/www.kalinas.rs\\\/wp-content\\\/uploads\\\/2025\\\/03\\\/IMG_1464.jpeg\",\"contentUrl\":\"https:\\\/\\\/www.kalinas.rs\\\/wp-content\\\/uploads\\\/2025\\\/03\\\/IMG_1464.jpeg\",\"width\":1284,\"height\":1586,\"caption\":\"Screenshot\"},{\"@type\":\"BreadcrumbList\",\"@id\":\"https:\\\/\\\/www.kalinas.rs\\\/prodavnica\\\/kalinin-orman\\\/obuca\\\/baletanke-03\\\/#breadcrumb\",\"itemListElement\":[{\"@type\":\"ListItem\",\"position\":1,\"name\":\"Home\",\"item\":\"https:\\\/\\\/www.kalinas.rs\\\/en\\\/\"},{\"@type\":\"ListItem\",\"position\":2,\"name\":\"Shop\",\"item\":\"https:\\\/\\\/www.kalinas.rs\\\/en\\\/shop\\\/\"},{\"@type\":\"ListItem\",\"position\":3,\"name\":\"Baletanke 03\"}]},{\"@type\":\"WebSite\",\"@id\":\"https:\\\/\\\/www.kalinas.rs\\\/#website\",\"url\":\"https:\\\/\\\/www.kalinas.rs\\\/\",\"name\":\"Kalina&#039;s story\",\"description\":\"Classic Baby and Girls Clothes\",\"publisher\":{\"@id\":\"https:\\\/\\\/www.kalinas.rs\\\/#organization\"},\"potentialAction\":[{\"@type\":\"SearchAction\",\"target\":{\"@type\":\"EntryPoint\",\"urlTemplate\":\"https:\\\/\\\/www.kalinas.rs\\\/?s={search_term_string}\"},\"query-input\":{\"@type\":\"PropertyValueSpecification\",\"valueRequired\":true,\"valueName\":\"search_term_string\"}}],\"inLanguage\":\"en-US\"},{\"@type\":\"Organization\",\"@id\":\"https:\\\/\\\/www.kalinas.rs\\\/#organization\",\"name\":\"Kalina's story\",\"url\":\"https:\\\/\\\/www.kalinas.rs\\\/\",\"logo\":{\"@type\":\"ImageObject\",\"inLanguage\":\"en-US\",\"@id\":\"https:\\\/\\\/www.kalinas.rs\\\/#\\\/schema\\\/logo\\\/image\\\/\",\"url\":\"https:\\\/\\\/www.kalinas.rs\\\/wp-content\\\/uploads\\\/2019\\\/05\\\/kalinas-logo.png\",\"contentUrl\":\"https:\\\/\\\/www.kalinas.rs\\\/wp-content\\\/uploads\\\/2019\\\/05\\\/kalinas-logo.png\",\"width\":300,\"height\":300,\"caption\":\"Kalina's story\"},\"image\":{\"@id\":\"https:\\\/\\\/www.kalinas.rs\\\/#\\\/schema\\\/logo\\\/image\\\/\"},\"sameAs\":[\"https:\\\/\\\/www.instagram.com\\\/kalina__s\\\/\"]}]}<\/script>\n<!-- \/ Yoast SEO plugin. -->","yoast_head_json":{"title":"Baletanke 03 - Kalina&#039;s story","description":"baletanke za devoj\u010dice, de\u010dije baletanke, elegantne baletanke, sve\u010dane baletanke, baletanke za svaku priliku, udobne baletanke, de\u010dija obu\u0107a, cipele za devoj\u010dice, baletanke sa ma\u0161nom, modne baletanke","robots":{"index":"index","follow":"follow","max-snippet":"max-snippet:-1","max-image-preview":"max-image-preview:large","max-video-preview":"max-video-preview:-1"},"canonical":"https:\/\/www.kalinas.rs\/prodavnica\/kalinin-orman\/obuca\/baletanke-03\/","og_locale":"en_US","og_type":"article","og_title":"Baletanke 03 - Kalina&#039;s story","og_description":"baletanke za devoj\u010dice, de\u010dije baletanke, elegantne baletanke, sve\u010dane baletanke, baletanke za svaku priliku, udobne baletanke, de\u010dija obu\u0107a, cipele za devoj\u010dice, baletanke sa ma\u0161nom, modne baletanke","og_url":"https:\/\/www.kalinas.rs\/prodavnica\/kalinin-orman\/obuca\/baletanke-03\/","og_site_name":"Kalina&#039;s story","article_modified_time":"2026-03-23T15:01:49+00:00","og_image":[{"width":1284,"height":1586,"url":"https:\/\/www.kalinas.rs\/wp-content\/uploads\/2025\/03\/IMG_1464.jpeg","type":"image\/jpeg"}],"twitter_card":"summary_large_image","schema":{"@context":"https:\/\/schema.org","@graph":[{"@type":"WebPage","@id":"https:\/\/www.kalinas.rs\/prodavnica\/kalinin-orman\/obuca\/baletanke-03\/","url":"https:\/\/www.kalinas.rs\/prodavnica\/kalinin-orman\/obuca\/baletanke-03\/","name":"Baletanke 03 - Kalina&#039;s story","isPartOf":{"@id":"https:\/\/www.kalinas.rs\/#website"},"primaryImageOfPage":{"@id":"https:\/\/www.kalinas.rs\/prodavnica\/kalinin-orman\/obuca\/baletanke-03\/#primaryimage"},"image":{"@id":"https:\/\/www.kalinas.rs\/prodavnica\/kalinin-orman\/obuca\/baletanke-03\/#primaryimage"},"thumbnailUrl":"https:\/\/www.kalinas.rs\/wp-content\/uploads\/2025\/03\/IMG_1464.jpeg","datePublished":"2025-03-28T07:37:19+00:00","dateModified":"2026-03-23T15:01:49+00:00","description":"baletanke za devoj\u010dice, de\u010dije baletanke, elegantne baletanke, sve\u010dane baletanke, baletanke za svaku priliku, udobne baletanke, de\u010dija obu\u0107a, cipele za devoj\u010dice, baletanke sa ma\u0161nom, modne baletanke","breadcrumb":{"@id":"https:\/\/www.kalinas.rs\/prodavnica\/kalinin-orman\/obuca\/baletanke-03\/#breadcrumb"},"inLanguage":"en-US","potentialAction":[{"@type":"ReadAction","target":["https:\/\/www.kalinas.rs\/prodavnica\/kalinin-orman\/obuca\/baletanke-03\/"]}]},{"@type":"ImageObject","inLanguage":"en-US","@id":"https:\/\/www.kalinas.rs\/prodavnica\/kalinin-orman\/obuca\/baletanke-03\/#primaryimage","url":"https:\/\/www.kalinas.rs\/wp-content\/uploads\/2025\/03\/IMG_1464.jpeg","contentUrl":"https:\/\/www.kalinas.rs\/wp-content\/uploads\/2025\/03\/IMG_1464.jpeg","width":1284,"height":1586,"caption":"Screenshot"},{"@type":"BreadcrumbList","@id":"https:\/\/www.kalinas.rs\/prodavnica\/kalinin-orman\/obuca\/baletanke-03\/#breadcrumb","itemListElement":[{"@type":"ListItem","position":1,"name":"Home","item":"https:\/\/www.kalinas.rs\/en\/"},{"@type":"ListItem","position":2,"name":"Shop","item":"https:\/\/www.kalinas.rs\/en\/shop\/"},{"@type":"ListItem","position":3,"name":"Baletanke 03"}]},{"@type":"WebSite","@id":"https:\/\/www.kalinas.rs\/#website","url":"https:\/\/www.kalinas.rs\/","name":"Kalina&#039;s story","description":"Classic Baby and Girls Clothes","publisher":{"@id":"https:\/\/www.kalinas.rs\/#organization"},"potentialAction":[{"@type":"SearchAction","target":{"@type":"EntryPoint","urlTemplate":"https:\/\/www.kalinas.rs\/?s={search_term_string}"},"query-input":{"@type":"PropertyValueSpecification","valueRequired":true,"valueName":"search_term_string"}}],"inLanguage":"en-US"},{"@type":"Organization","@id":"https:\/\/www.kalinas.rs\/#organization","name":"Kalina's story","url":"https:\/\/www.kalinas.rs\/","logo":{"@type":"ImageObject","inLanguage":"en-US","@id":"https:\/\/www.kalinas.rs\/#\/schema\/logo\/image\/","url":"https:\/\/www.kalinas.rs\/wp-content\/uploads\/2019\/05\/kalinas-logo.png","contentUrl":"https:\/\/www.kalinas.rs\/wp-content\/uploads\/2019\/05\/kalinas-logo.png","width":300,"height":300,"caption":"Kalina's story"},"image":{"@id":"https:\/\/www.kalinas.rs\/#\/schema\/logo\/image\/"},"sameAs":["https:\/\/www.instagram.com\/kalina__s\/"]}]}},"_links":{"self":[{"href":"https:\/\/www.kalinas.rs\/en\/wp-json\/wp\/v2\/product\/5406","targetHints":{"allow":["GET"]}}],"collection":[{"href":"https:\/\/www.kalinas.rs\/en\/wp-json\/wp\/v2\/product"}],"about":[{"href":"https:\/\/www.kalinas.rs\/en\/wp-json\/wp\/v2\/types\/product"}],"wp:featuredmedia":[{"embeddable":true,"href":"https:\/\/www.kalinas.rs\/en\/wp-json\/wp\/v2\/media\/5407"}],"wp:attachment":[{"href":"https:\/\/www.kalinas.rs\/en\/wp-json\/wp\/v2\/media?parent=5406"}],"wp:term":[{"taxonomy":"product_brand","embeddable":true,"href":"https:\/\/www.kalinas.rs\/en\/wp-json\/wp\/v2\/product_brand?post=5406"},{"taxonomy":"product_cat","embeddable":true,"href":"https:\/\/www.kalinas.rs\/en\/wp-json\/wp\/v2\/product_cat?post=5406"},{"taxonomy":"product_tag","embeddable":true,"href":"https:\/\/www.kalinas.rs\/en\/wp-json\/wp\/v2\/product_tag?post=5406"}],"curies":[{"name":"wp","href":"https:\/\/api.w.org\/{rel}","templated":true}]}}