{"id":5518,"date":"2025-06-21T19:56:00","date_gmt":"2025-06-21T17:56:00","guid":{"rendered":"https:\/\/www.kalinas.rs\/?post_type=product&#038;p=5518"},"modified":"2026-03-28T12:38:18","modified_gmt":"2026-03-28T11:38:18","slug":"haljinica-alina","status":"publish","type":"product","link":"https:\/\/www.kalinas.rs\/en\/prodavnica\/kalinas-closet\/dresses\/haljinica-alina\/","title":{"rendered":"Haljinica ALINA"},"content":{"rendered":"","protected":false},"excerpt":{"rendered":"<p>Haljina za devoj\u010dice Alina<\/p>\n<p>SASTAV: saten 100% poliester,postava 100% pamuk<\/p>\n<p>&nbsp;<\/p>\n","protected":false},"featured_media":5519,"template":"","meta":[],"product_brand":[],"product_cat":[63,50],"product_tag":[313,229,297,286,155,185,275,232,270,271,195,295],"class_list":{"0":"post-5518","1":"product","2":"type-product","3":"status-publish","4":"has-post-thumbnail","6":"product_cat-haljinice","7":"product_cat-kalinin-orman","8":"product_tag-cipelice-za-devojcice","9":"product_tag-devojcica","10":"product_tag-haljina-za-devojcice","11":"product_tag-haljine-za-mame-i-devojcice","12":"product_tag-haljinica","13":"product_tag-haljinica-za-devojcice","14":"product_tag-haljinica-za-skolu","15":"product_tag-haljinice-za-bebe","16":"product_tag-haljinice-za-devojcice","17":"product_tag-haljinice-za-prvi-rodjendan","18":"product_tag-svecane-haljinice","19":"product_tag-svecane-haljinice-za-devojcice","20":"pa_boja-bez","21":"pa_boja-plava","22":"pa_velicina-1-god","23":"pa_velicina-10-god","24":"pa_velicina-12god","25":"pa_velicina-2-god","26":"pa_velicina-4-god","27":"pa_velicina-6-god","28":"pa_velicina-8-god","30":"first","31":"instock","32":"shipping-taxable","33":"purchasable","34":"product-type-variable"},"yoast_head":"<!-- This site is optimized with the Yoast SEO plugin v27.4 - https:\/\/yoast.com\/product\/yoast-seo-wordpress\/ -->\n<title>Haljinica ALINA - Kalina&#039;s story<\/title>\n<meta name=\"description\" content=\"Elegantna sve\u010dana haljina za devoj\u010dice .Idealna za ro\u0111endane, svadbe i posebne prilike. Kvalitetni materijali, udobnost i prelep dizajn.\" \/>\n<meta name=\"robots\" content=\"index, follow, max-snippet:-1, max-image-preview:large, max-video-preview:-1\" \/>\n<link rel=\"canonical\" href=\"https:\/\/www.kalinas.rs\/prodavnica\/kalinin-orman\/haljinice\/haljinica-alina\/\" \/>\n<meta property=\"og:locale\" content=\"en_US\" \/>\n<meta property=\"og:type\" content=\"article\" \/>\n<meta property=\"og:title\" content=\"Haljinica ALINA - Kalina&#039;s story\" \/>\n<meta property=\"og:description\" content=\"Elegantna sve\u010dana haljina za devoj\u010dice .Idealna za ro\u0111endane, svadbe i posebne prilike. Kvalitetni materijali, udobnost i prelep dizajn.\" \/>\n<meta property=\"og:url\" content=\"https:\/\/www.kalinas.rs\/prodavnica\/kalinin-orman\/haljinice\/haljinica-alina\/\" \/>\n<meta property=\"og:site_name\" content=\"Kalina&#039;s story\" \/>\n<meta property=\"article:modified_time\" content=\"2026-03-28T11:38:18+00:00\" \/>\n<meta property=\"og:image\" content=\"https:\/\/www.kalinas.rs\/wp-content\/uploads\/2025\/06\/IMG_4163-scaled.jpeg\" \/>\n\t<meta property=\"og:image:width\" content=\"1707\" \/>\n\t<meta property=\"og:image:height\" content=\"2560\" \/>\n\t<meta property=\"og:image:type\" content=\"image\/jpeg\" \/>\n<meta name=\"twitter:card\" content=\"summary_large_image\" \/>\n<script type=\"application\/ld+json\" class=\"yoast-schema-graph\">{\"@context\":\"https:\\\/\\\/schema.org\",\"@graph\":[{\"@type\":\"WebPage\",\"@id\":\"https:\\\/\\\/www.kalinas.rs\\\/prodavnica\\\/kalinin-orman\\\/haljinice\\\/haljinica-alina\\\/\",\"url\":\"https:\\\/\\\/www.kalinas.rs\\\/prodavnica\\\/kalinin-orman\\\/haljinice\\\/haljinica-alina\\\/\",\"name\":\"Haljinica ALINA - Kalina&#039;s story\",\"isPartOf\":{\"@id\":\"https:\\\/\\\/www.kalinas.rs\\\/#website\"},\"primaryImageOfPage\":{\"@id\":\"https:\\\/\\\/www.kalinas.rs\\\/prodavnica\\\/kalinin-orman\\\/haljinice\\\/haljinica-alina\\\/#primaryimage\"},\"image\":{\"@id\":\"https:\\\/\\\/www.kalinas.rs\\\/prodavnica\\\/kalinin-orman\\\/haljinice\\\/haljinica-alina\\\/#primaryimage\"},\"thumbnailUrl\":\"https:\\\/\\\/www.kalinas.rs\\\/wp-content\\\/uploads\\\/2025\\\/06\\\/IMG_4163-scaled.jpeg\",\"datePublished\":\"2025-06-21T17:56:00+00:00\",\"dateModified\":\"2026-03-28T11:38:18+00:00\",\"description\":\"Elegantna sve\u010dana haljina za devoj\u010dice .Idealna za ro\u0111endane, svadbe i posebne prilike. Kvalitetni materijali, udobnost i prelep dizajn.\",\"breadcrumb\":{\"@id\":\"https:\\\/\\\/www.kalinas.rs\\\/prodavnica\\\/kalinin-orman\\\/haljinice\\\/haljinica-alina\\\/#breadcrumb\"},\"inLanguage\":\"en-US\",\"potentialAction\":[{\"@type\":\"ReadAction\",\"target\":[\"https:\\\/\\\/www.kalinas.rs\\\/prodavnica\\\/kalinin-orman\\\/haljinice\\\/haljinica-alina\\\/\"]}]},{\"@type\":\"ImageObject\",\"inLanguage\":\"en-US\",\"@id\":\"https:\\\/\\\/www.kalinas.rs\\\/prodavnica\\\/kalinin-orman\\\/haljinice\\\/haljinica-alina\\\/#primaryimage\",\"url\":\"https:\\\/\\\/www.kalinas.rs\\\/wp-content\\\/uploads\\\/2025\\\/06\\\/IMG_4163-scaled.jpeg\",\"contentUrl\":\"https:\\\/\\\/www.kalinas.rs\\\/wp-content\\\/uploads\\\/2025\\\/06\\\/IMG_4163-scaled.jpeg\",\"width\":1707,\"height\":2560},{\"@type\":\"BreadcrumbList\",\"@id\":\"https:\\\/\\\/www.kalinas.rs\\\/prodavnica\\\/kalinin-orman\\\/haljinice\\\/haljinica-alina\\\/#breadcrumb\",\"itemListElement\":[{\"@type\":\"ListItem\",\"position\":1,\"name\":\"Home\",\"item\":\"https:\\\/\\\/www.kalinas.rs\\\/en\\\/\"},{\"@type\":\"ListItem\",\"position\":2,\"name\":\"Shop\",\"item\":\"https:\\\/\\\/www.kalinas.rs\\\/en\\\/shop\\\/\"},{\"@type\":\"ListItem\",\"position\":3,\"name\":\"Haljinica ALINA\"}]},{\"@type\":\"WebSite\",\"@id\":\"https:\\\/\\\/www.kalinas.rs\\\/#website\",\"url\":\"https:\\\/\\\/www.kalinas.rs\\\/\",\"name\":\"Kalina&#039;s story\",\"description\":\"Classic Baby and Girls Clothes\",\"publisher\":{\"@id\":\"https:\\\/\\\/www.kalinas.rs\\\/#organization\"},\"potentialAction\":[{\"@type\":\"SearchAction\",\"target\":{\"@type\":\"EntryPoint\",\"urlTemplate\":\"https:\\\/\\\/www.kalinas.rs\\\/?s={search_term_string}\"},\"query-input\":{\"@type\":\"PropertyValueSpecification\",\"valueRequired\":true,\"valueName\":\"search_term_string\"}}],\"inLanguage\":\"en-US\"},{\"@type\":\"Organization\",\"@id\":\"https:\\\/\\\/www.kalinas.rs\\\/#organization\",\"name\":\"Kalina's story\",\"url\":\"https:\\\/\\\/www.kalinas.rs\\\/\",\"logo\":{\"@type\":\"ImageObject\",\"inLanguage\":\"en-US\",\"@id\":\"https:\\\/\\\/www.kalinas.rs\\\/#\\\/schema\\\/logo\\\/image\\\/\",\"url\":\"https:\\\/\\\/www.kalinas.rs\\\/wp-content\\\/uploads\\\/2019\\\/05\\\/kalinas-logo.png\",\"contentUrl\":\"https:\\\/\\\/www.kalinas.rs\\\/wp-content\\\/uploads\\\/2019\\\/05\\\/kalinas-logo.png\",\"width\":300,\"height\":300,\"caption\":\"Kalina's story\"},\"image\":{\"@id\":\"https:\\\/\\\/www.kalinas.rs\\\/#\\\/schema\\\/logo\\\/image\\\/\"},\"sameAs\":[\"https:\\\/\\\/www.instagram.com\\\/kalina__s\\\/\"]}]}<\/script>\n<!-- \/ Yoast SEO plugin. -->","yoast_head_json":{"title":"Haljinica ALINA - Kalina&#039;s story","description":"Elegantna sve\u010dana haljina za devoj\u010dice .Idealna za ro\u0111endane, svadbe i posebne prilike. Kvalitetni materijali, udobnost i prelep dizajn.","robots":{"index":"index","follow":"follow","max-snippet":"max-snippet:-1","max-image-preview":"max-image-preview:large","max-video-preview":"max-video-preview:-1"},"canonical":"https:\/\/www.kalinas.rs\/prodavnica\/kalinin-orman\/haljinice\/haljinica-alina\/","og_locale":"en_US","og_type":"article","og_title":"Haljinica ALINA - Kalina&#039;s story","og_description":"Elegantna sve\u010dana haljina za devoj\u010dice .Idealna za ro\u0111endane, svadbe i posebne prilike. Kvalitetni materijali, udobnost i prelep dizajn.","og_url":"https:\/\/www.kalinas.rs\/prodavnica\/kalinin-orman\/haljinice\/haljinica-alina\/","og_site_name":"Kalina&#039;s story","article_modified_time":"2026-03-28T11:38:18+00:00","og_image":[{"width":1707,"height":2560,"url":"https:\/\/www.kalinas.rs\/wp-content\/uploads\/2025\/06\/IMG_4163-scaled.jpeg","type":"image\/jpeg"}],"twitter_card":"summary_large_image","schema":{"@context":"https:\/\/schema.org","@graph":[{"@type":"WebPage","@id":"https:\/\/www.kalinas.rs\/prodavnica\/kalinin-orman\/haljinice\/haljinica-alina\/","url":"https:\/\/www.kalinas.rs\/prodavnica\/kalinin-orman\/haljinice\/haljinica-alina\/","name":"Haljinica ALINA - Kalina&#039;s story","isPartOf":{"@id":"https:\/\/www.kalinas.rs\/#website"},"primaryImageOfPage":{"@id":"https:\/\/www.kalinas.rs\/prodavnica\/kalinin-orman\/haljinice\/haljinica-alina\/#primaryimage"},"image":{"@id":"https:\/\/www.kalinas.rs\/prodavnica\/kalinin-orman\/haljinice\/haljinica-alina\/#primaryimage"},"thumbnailUrl":"https:\/\/www.kalinas.rs\/wp-content\/uploads\/2025\/06\/IMG_4163-scaled.jpeg","datePublished":"2025-06-21T17:56:00+00:00","dateModified":"2026-03-28T11:38:18+00:00","description":"Elegantna sve\u010dana haljina za devoj\u010dice .Idealna za ro\u0111endane, svadbe i posebne prilike. Kvalitetni materijali, udobnost i prelep dizajn.","breadcrumb":{"@id":"https:\/\/www.kalinas.rs\/prodavnica\/kalinin-orman\/haljinice\/haljinica-alina\/#breadcrumb"},"inLanguage":"en-US","potentialAction":[{"@type":"ReadAction","target":["https:\/\/www.kalinas.rs\/prodavnica\/kalinin-orman\/haljinice\/haljinica-alina\/"]}]},{"@type":"ImageObject","inLanguage":"en-US","@id":"https:\/\/www.kalinas.rs\/prodavnica\/kalinin-orman\/haljinice\/haljinica-alina\/#primaryimage","url":"https:\/\/www.kalinas.rs\/wp-content\/uploads\/2025\/06\/IMG_4163-scaled.jpeg","contentUrl":"https:\/\/www.kalinas.rs\/wp-content\/uploads\/2025\/06\/IMG_4163-scaled.jpeg","width":1707,"height":2560},{"@type":"BreadcrumbList","@id":"https:\/\/www.kalinas.rs\/prodavnica\/kalinin-orman\/haljinice\/haljinica-alina\/#breadcrumb","itemListElement":[{"@type":"ListItem","position":1,"name":"Home","item":"https:\/\/www.kalinas.rs\/en\/"},{"@type":"ListItem","position":2,"name":"Shop","item":"https:\/\/www.kalinas.rs\/en\/shop\/"},{"@type":"ListItem","position":3,"name":"Haljinica ALINA"}]},{"@type":"WebSite","@id":"https:\/\/www.kalinas.rs\/#website","url":"https:\/\/www.kalinas.rs\/","name":"Kalina&#039;s story","description":"Classic Baby and Girls Clothes","publisher":{"@id":"https:\/\/www.kalinas.rs\/#organization"},"potentialAction":[{"@type":"SearchAction","target":{"@type":"EntryPoint","urlTemplate":"https:\/\/www.kalinas.rs\/?s={search_term_string}"},"query-input":{"@type":"PropertyValueSpecification","valueRequired":true,"valueName":"search_term_string"}}],"inLanguage":"en-US"},{"@type":"Organization","@id":"https:\/\/www.kalinas.rs\/#organization","name":"Kalina's story","url":"https:\/\/www.kalinas.rs\/","logo":{"@type":"ImageObject","inLanguage":"en-US","@id":"https:\/\/www.kalinas.rs\/#\/schema\/logo\/image\/","url":"https:\/\/www.kalinas.rs\/wp-content\/uploads\/2019\/05\/kalinas-logo.png","contentUrl":"https:\/\/www.kalinas.rs\/wp-content\/uploads\/2019\/05\/kalinas-logo.png","width":300,"height":300,"caption":"Kalina's story"},"image":{"@id":"https:\/\/www.kalinas.rs\/#\/schema\/logo\/image\/"},"sameAs":["https:\/\/www.instagram.com\/kalina__s\/"]}]}},"_links":{"self":[{"href":"https:\/\/www.kalinas.rs\/en\/wp-json\/wp\/v2\/product\/5518","targetHints":{"allow":["GET"]}}],"collection":[{"href":"https:\/\/www.kalinas.rs\/en\/wp-json\/wp\/v2\/product"}],"about":[{"href":"https:\/\/www.kalinas.rs\/en\/wp-json\/wp\/v2\/types\/product"}],"wp:featuredmedia":[{"embeddable":true,"href":"https:\/\/www.kalinas.rs\/en\/wp-json\/wp\/v2\/media\/5519"}],"wp:attachment":[{"href":"https:\/\/www.kalinas.rs\/en\/wp-json\/wp\/v2\/media?parent=5518"}],"wp:term":[{"taxonomy":"product_brand","embeddable":true,"href":"https:\/\/www.kalinas.rs\/en\/wp-json\/wp\/v2\/product_brand?post=5518"},{"taxonomy":"product_cat","embeddable":true,"href":"https:\/\/www.kalinas.rs\/en\/wp-json\/wp\/v2\/product_cat?post=5518"},{"taxonomy":"product_tag","embeddable":true,"href":"https:\/\/www.kalinas.rs\/en\/wp-json\/wp\/v2\/product_tag?post=5518"}],"curies":[{"name":"wp","href":"https:\/\/api.w.org\/{rel}","templated":true}]}}