{"id":5536,"date":"2025-06-21T20:35:01","date_gmt":"2025-06-21T18:35:01","guid":{"rendered":"https:\/\/www.kalinas.rs\/?post_type=product&#038;p=5536"},"modified":"2025-11-30T23:05:04","modified_gmt":"2025-11-30T22:05:04","slug":"haljinica-bell","status":"publish","type":"product","link":"https:\/\/www.kalinas.rs\/en\/prodavnica\/kalinas-closet\/dresses\/haljinica-bell\/","title":{"rendered":"Haljinica BELL"},"content":{"rendered":"","protected":false},"excerpt":{"rendered":"<p>Haljina BELL<\/p>\n<p>\u0160kolska haljina za devoj\u010dice je udobna, moderna i prakti\u010dna za svaki \u0161kolski dan. Idealna za u\u010dionicu, priredbe i svakodnevno no\u0161enje.<\/p>\n","protected":false},"featured_media":5537,"template":"","meta":[],"product_brand":[],"product_cat":[63,50],"product_tag":[322,314,313,297,185,275,232,270,234,195],"class_list":{"0":"post-5536","1":"product","2":"type-product","3":"status-publish","4":"has-post-thumbnail","6":"product_cat-haljinice","7":"product_cat-kalinin-orman","8":"product_tag-baletake","9":"product_tag-baletanke-za-princeze","10":"product_tag-cipelice-za-devojcice","11":"product_tag-haljina-za-devojcice","12":"product_tag-haljinica-za-devojcice","13":"product_tag-haljinica-za-skolu","14":"product_tag-haljinice-za-bebe","15":"product_tag-haljinice-za-devojcice","16":"product_tag-prvi-rodjendan","17":"product_tag-svecane-haljinice","18":"pa_boja-bez","19":"pa_boja-crna","20":"pa_boja-roze","21":"pa_velicina-1-god","22":"pa_velicina-10-god","23":"pa_velicina-12god","24":"pa_velicina-2-god","25":"pa_velicina-4-god","26":"pa_velicina-6-god","27":"pa_velicina-8-god","29":"first","30":"instock","31":"shipping-taxable","32":"purchasable","33":"product-type-variable"},"yoast_head":"<!-- This site is optimized with the Yoast SEO plugin v27.4 - https:\/\/yoast.com\/product\/yoast-seo-wordpress\/ -->\n<title>Haljinica BELL - Kalina&#039;s story<\/title>\n<meta name=\"description\" content=\"\u0160kolska haljina za devoj\u010dice je udobna, moderna i prakti\u010dna za svaki \u0161kolski dan. Idealna za u\u010dionicu, priredbe i svakodnevno no\u0161enje\" \/>\n<meta name=\"robots\" content=\"index, follow, max-snippet:-1, max-image-preview:large, max-video-preview:-1\" \/>\n<link rel=\"canonical\" href=\"https:\/\/www.kalinas.rs\/prodavnica\/kalinin-orman\/haljinice\/haljinica-bell\/\" \/>\n<meta property=\"og:locale\" content=\"en_US\" \/>\n<meta property=\"og:type\" content=\"article\" \/>\n<meta property=\"og:title\" content=\"Haljinica BELL - Kalina&#039;s story\" \/>\n<meta property=\"og:description\" content=\"\u0160kolska haljina za devoj\u010dice je udobna, moderna i prakti\u010dna za svaki \u0161kolski dan. Idealna za u\u010dionicu, priredbe i svakodnevno no\u0161enje\" \/>\n<meta property=\"og:url\" content=\"https:\/\/www.kalinas.rs\/prodavnica\/kalinin-orman\/haljinice\/haljinica-bell\/\" \/>\n<meta property=\"og:site_name\" content=\"Kalina&#039;s story\" \/>\n<meta property=\"article:modified_time\" content=\"2025-11-30T22:05:04+00:00\" \/>\n<meta property=\"og:image\" content=\"https:\/\/www.kalinas.rs\/wp-content\/uploads\/2025\/06\/IMG_4281-scaled.jpeg\" \/>\n\t<meta property=\"og:image:width\" content=\"1707\" \/>\n\t<meta property=\"og:image:height\" content=\"2560\" \/>\n\t<meta property=\"og:image:type\" content=\"image\/jpeg\" \/>\n<meta name=\"twitter:card\" content=\"summary_large_image\" \/>\n<script type=\"application\/ld+json\" class=\"yoast-schema-graph\">{\"@context\":\"https:\\\/\\\/schema.org\",\"@graph\":[{\"@type\":\"WebPage\",\"@id\":\"https:\\\/\\\/www.kalinas.rs\\\/prodavnica\\\/kalinin-orman\\\/haljinice\\\/haljinica-bell\\\/\",\"url\":\"https:\\\/\\\/www.kalinas.rs\\\/prodavnica\\\/kalinin-orman\\\/haljinice\\\/haljinica-bell\\\/\",\"name\":\"Haljinica BELL - Kalina&#039;s story\",\"isPartOf\":{\"@id\":\"https:\\\/\\\/www.kalinas.rs\\\/#website\"},\"primaryImageOfPage\":{\"@id\":\"https:\\\/\\\/www.kalinas.rs\\\/prodavnica\\\/kalinin-orman\\\/haljinice\\\/haljinica-bell\\\/#primaryimage\"},\"image\":{\"@id\":\"https:\\\/\\\/www.kalinas.rs\\\/prodavnica\\\/kalinin-orman\\\/haljinice\\\/haljinica-bell\\\/#primaryimage\"},\"thumbnailUrl\":\"https:\\\/\\\/www.kalinas.rs\\\/wp-content\\\/uploads\\\/2025\\\/06\\\/IMG_4281-scaled.jpeg\",\"datePublished\":\"2025-06-21T18:35:01+00:00\",\"dateModified\":\"2025-11-30T22:05:04+00:00\",\"description\":\"\u0160kolska haljina za devoj\u010dice je udobna, moderna i prakti\u010dna za svaki \u0161kolski dan. Idealna za u\u010dionicu, priredbe i svakodnevno no\u0161enje\",\"breadcrumb\":{\"@id\":\"https:\\\/\\\/www.kalinas.rs\\\/prodavnica\\\/kalinin-orman\\\/haljinice\\\/haljinica-bell\\\/#breadcrumb\"},\"inLanguage\":\"en-US\",\"potentialAction\":[{\"@type\":\"ReadAction\",\"target\":[\"https:\\\/\\\/www.kalinas.rs\\\/prodavnica\\\/kalinin-orman\\\/haljinice\\\/haljinica-bell\\\/\"]}]},{\"@type\":\"ImageObject\",\"inLanguage\":\"en-US\",\"@id\":\"https:\\\/\\\/www.kalinas.rs\\\/prodavnica\\\/kalinin-orman\\\/haljinice\\\/haljinica-bell\\\/#primaryimage\",\"url\":\"https:\\\/\\\/www.kalinas.rs\\\/wp-content\\\/uploads\\\/2025\\\/06\\\/IMG_4281-scaled.jpeg\",\"contentUrl\":\"https:\\\/\\\/www.kalinas.rs\\\/wp-content\\\/uploads\\\/2025\\\/06\\\/IMG_4281-scaled.jpeg\",\"width\":1707,\"height\":2560},{\"@type\":\"BreadcrumbList\",\"@id\":\"https:\\\/\\\/www.kalinas.rs\\\/prodavnica\\\/kalinin-orman\\\/haljinice\\\/haljinica-bell\\\/#breadcrumb\",\"itemListElement\":[{\"@type\":\"ListItem\",\"position\":1,\"name\":\"Home\",\"item\":\"https:\\\/\\\/www.kalinas.rs\\\/en\\\/\"},{\"@type\":\"ListItem\",\"position\":2,\"name\":\"Shop\",\"item\":\"https:\\\/\\\/www.kalinas.rs\\\/en\\\/shop\\\/\"},{\"@type\":\"ListItem\",\"position\":3,\"name\":\"Haljinica BELL\"}]},{\"@type\":\"WebSite\",\"@id\":\"https:\\\/\\\/www.kalinas.rs\\\/#website\",\"url\":\"https:\\\/\\\/www.kalinas.rs\\\/\",\"name\":\"Kalina&#039;s story\",\"description\":\"Classic Baby and Girls Clothes\",\"publisher\":{\"@id\":\"https:\\\/\\\/www.kalinas.rs\\\/#organization\"},\"potentialAction\":[{\"@type\":\"SearchAction\",\"target\":{\"@type\":\"EntryPoint\",\"urlTemplate\":\"https:\\\/\\\/www.kalinas.rs\\\/?s={search_term_string}\"},\"query-input\":{\"@type\":\"PropertyValueSpecification\",\"valueRequired\":true,\"valueName\":\"search_term_string\"}}],\"inLanguage\":\"en-US\"},{\"@type\":\"Organization\",\"@id\":\"https:\\\/\\\/www.kalinas.rs\\\/#organization\",\"name\":\"Kalina's story\",\"url\":\"https:\\\/\\\/www.kalinas.rs\\\/\",\"logo\":{\"@type\":\"ImageObject\",\"inLanguage\":\"en-US\",\"@id\":\"https:\\\/\\\/www.kalinas.rs\\\/#\\\/schema\\\/logo\\\/image\\\/\",\"url\":\"https:\\\/\\\/www.kalinas.rs\\\/wp-content\\\/uploads\\\/2019\\\/05\\\/kalinas-logo.png\",\"contentUrl\":\"https:\\\/\\\/www.kalinas.rs\\\/wp-content\\\/uploads\\\/2019\\\/05\\\/kalinas-logo.png\",\"width\":300,\"height\":300,\"caption\":\"Kalina's story\"},\"image\":{\"@id\":\"https:\\\/\\\/www.kalinas.rs\\\/#\\\/schema\\\/logo\\\/image\\\/\"},\"sameAs\":[\"https:\\\/\\\/www.instagram.com\\\/kalina__s\\\/\"]}]}<\/script>\n<!-- \/ Yoast SEO plugin. -->","yoast_head_json":{"title":"Haljinica BELL - Kalina&#039;s story","description":"\u0160kolska haljina za devoj\u010dice je udobna, moderna i prakti\u010dna za svaki \u0161kolski dan. Idealna za u\u010dionicu, priredbe i svakodnevno no\u0161enje","robots":{"index":"index","follow":"follow","max-snippet":"max-snippet:-1","max-image-preview":"max-image-preview:large","max-video-preview":"max-video-preview:-1"},"canonical":"https:\/\/www.kalinas.rs\/prodavnica\/kalinin-orman\/haljinice\/haljinica-bell\/","og_locale":"en_US","og_type":"article","og_title":"Haljinica BELL - Kalina&#039;s story","og_description":"\u0160kolska haljina za devoj\u010dice je udobna, moderna i prakti\u010dna za svaki \u0161kolski dan. Idealna za u\u010dionicu, priredbe i svakodnevno no\u0161enje","og_url":"https:\/\/www.kalinas.rs\/prodavnica\/kalinin-orman\/haljinice\/haljinica-bell\/","og_site_name":"Kalina&#039;s story","article_modified_time":"2025-11-30T22:05:04+00:00","og_image":[{"width":1707,"height":2560,"url":"https:\/\/www.kalinas.rs\/wp-content\/uploads\/2025\/06\/IMG_4281-scaled.jpeg","type":"image\/jpeg"}],"twitter_card":"summary_large_image","schema":{"@context":"https:\/\/schema.org","@graph":[{"@type":"WebPage","@id":"https:\/\/www.kalinas.rs\/prodavnica\/kalinin-orman\/haljinice\/haljinica-bell\/","url":"https:\/\/www.kalinas.rs\/prodavnica\/kalinin-orman\/haljinice\/haljinica-bell\/","name":"Haljinica BELL - Kalina&#039;s story","isPartOf":{"@id":"https:\/\/www.kalinas.rs\/#website"},"primaryImageOfPage":{"@id":"https:\/\/www.kalinas.rs\/prodavnica\/kalinin-orman\/haljinice\/haljinica-bell\/#primaryimage"},"image":{"@id":"https:\/\/www.kalinas.rs\/prodavnica\/kalinin-orman\/haljinice\/haljinica-bell\/#primaryimage"},"thumbnailUrl":"https:\/\/www.kalinas.rs\/wp-content\/uploads\/2025\/06\/IMG_4281-scaled.jpeg","datePublished":"2025-06-21T18:35:01+00:00","dateModified":"2025-11-30T22:05:04+00:00","description":"\u0160kolska haljina za devoj\u010dice je udobna, moderna i prakti\u010dna za svaki \u0161kolski dan. Idealna za u\u010dionicu, priredbe i svakodnevno no\u0161enje","breadcrumb":{"@id":"https:\/\/www.kalinas.rs\/prodavnica\/kalinin-orman\/haljinice\/haljinica-bell\/#breadcrumb"},"inLanguage":"en-US","potentialAction":[{"@type":"ReadAction","target":["https:\/\/www.kalinas.rs\/prodavnica\/kalinin-orman\/haljinice\/haljinica-bell\/"]}]},{"@type":"ImageObject","inLanguage":"en-US","@id":"https:\/\/www.kalinas.rs\/prodavnica\/kalinin-orman\/haljinice\/haljinica-bell\/#primaryimage","url":"https:\/\/www.kalinas.rs\/wp-content\/uploads\/2025\/06\/IMG_4281-scaled.jpeg","contentUrl":"https:\/\/www.kalinas.rs\/wp-content\/uploads\/2025\/06\/IMG_4281-scaled.jpeg","width":1707,"height":2560},{"@type":"BreadcrumbList","@id":"https:\/\/www.kalinas.rs\/prodavnica\/kalinin-orman\/haljinice\/haljinica-bell\/#breadcrumb","itemListElement":[{"@type":"ListItem","position":1,"name":"Home","item":"https:\/\/www.kalinas.rs\/en\/"},{"@type":"ListItem","position":2,"name":"Shop","item":"https:\/\/www.kalinas.rs\/en\/shop\/"},{"@type":"ListItem","position":3,"name":"Haljinica BELL"}]},{"@type":"WebSite","@id":"https:\/\/www.kalinas.rs\/#website","url":"https:\/\/www.kalinas.rs\/","name":"Kalina&#039;s story","description":"Classic Baby and Girls Clothes","publisher":{"@id":"https:\/\/www.kalinas.rs\/#organization"},"potentialAction":[{"@type":"SearchAction","target":{"@type":"EntryPoint","urlTemplate":"https:\/\/www.kalinas.rs\/?s={search_term_string}"},"query-input":{"@type":"PropertyValueSpecification","valueRequired":true,"valueName":"search_term_string"}}],"inLanguage":"en-US"},{"@type":"Organization","@id":"https:\/\/www.kalinas.rs\/#organization","name":"Kalina's story","url":"https:\/\/www.kalinas.rs\/","logo":{"@type":"ImageObject","inLanguage":"en-US","@id":"https:\/\/www.kalinas.rs\/#\/schema\/logo\/image\/","url":"https:\/\/www.kalinas.rs\/wp-content\/uploads\/2019\/05\/kalinas-logo.png","contentUrl":"https:\/\/www.kalinas.rs\/wp-content\/uploads\/2019\/05\/kalinas-logo.png","width":300,"height":300,"caption":"Kalina's story"},"image":{"@id":"https:\/\/www.kalinas.rs\/#\/schema\/logo\/image\/"},"sameAs":["https:\/\/www.instagram.com\/kalina__s\/"]}]}},"_links":{"self":[{"href":"https:\/\/www.kalinas.rs\/en\/wp-json\/wp\/v2\/product\/5536","targetHints":{"allow":["GET"]}}],"collection":[{"href":"https:\/\/www.kalinas.rs\/en\/wp-json\/wp\/v2\/product"}],"about":[{"href":"https:\/\/www.kalinas.rs\/en\/wp-json\/wp\/v2\/types\/product"}],"wp:featuredmedia":[{"embeddable":true,"href":"https:\/\/www.kalinas.rs\/en\/wp-json\/wp\/v2\/media\/5537"}],"wp:attachment":[{"href":"https:\/\/www.kalinas.rs\/en\/wp-json\/wp\/v2\/media?parent=5536"}],"wp:term":[{"taxonomy":"product_brand","embeddable":true,"href":"https:\/\/www.kalinas.rs\/en\/wp-json\/wp\/v2\/product_brand?post=5536"},{"taxonomy":"product_cat","embeddable":true,"href":"https:\/\/www.kalinas.rs\/en\/wp-json\/wp\/v2\/product_cat?post=5536"},{"taxonomy":"product_tag","embeddable":true,"href":"https:\/\/www.kalinas.rs\/en\/wp-json\/wp\/v2\/product_tag?post=5536"}],"curies":[{"name":"wp","href":"https:\/\/api.w.org\/{rel}","templated":true}]}}