{"id":5705,"date":"2025-12-21T15:20:47","date_gmt":"2025-12-21T14:20:47","guid":{"rendered":"https:\/\/www.kalinas.rs\/?post_type=product&#038;p=5705"},"modified":"2026-03-26T08:50:44","modified_gmt":"2026-03-26T07:50:44","slug":"bff-komplet-trenerke-za-devojcice","status":"publish","type":"product","link":"https:\/\/www.kalinas.rs\/en\/prodavnica\/kalinas-closet\/bodydress-en\/bff-komplet-trenerke-za-devojcice\/","title":{"rendered":"BFF komplet"},"content":{"rendered":"","protected":false},"excerpt":{"rendered":"<p>Presladak i udoban BFF komplet namenjen malim prijateljicama koje vole da se obla\u010de isto. Idealan za igru, dru\u017eenje i stvaranje zajedni\u010dkih uspomena. Moderan kroj i ne\u017ean dizajn \u010dine ga savr\u0161enim izborom za svaki dan, ali i posebne trenutke<\/p>\n<p>Sastav:<\/p>\n<p>95% pamuk, 5% elastin<\/p>\n","protected":false},"featured_media":5769,"template":"","meta":[],"product_brand":[],"product_cat":[50,62,63,316],"product_tag":[],"class_list":{"0":"post-5705","1":"product","2":"type-product","3":"status-publish","4":"has-post-thumbnail","6":"product_cat-kalinin-orman","7":"product_cat-bodydress","8":"product_cat-haljinice","9":"product_cat-obuca","10":"pa_boja-braon","11":"pa_velicina-1-god","12":"pa_velicina-10-god","13":"pa_velicina-12god","14":"pa_velicina-14-god","15":"pa_velicina-2-god","16":"pa_velicina-4-god","17":"pa_velicina-6-god","18":"pa_velicina-8-god","20":"first","21":"instock","22":"sale","23":"shipping-taxable","24":"purchasable","25":"product-type-variable"},"yoast_head":"<!-- This site is optimized with the Yoast SEO plugin v27.5 - https:\/\/yoast.com\/product\/yoast-seo-wordpress\/ -->\n<title>BFF komplet - Kalina&#039;s story<\/title>\n<meta name=\"description\" content=\"Trenerke za devojcice,kompleti za devojcice\" \/>\n<meta name=\"robots\" content=\"index, follow, max-snippet:-1, max-image-preview:large, max-video-preview:-1\" \/>\n<link rel=\"canonical\" href=\"https:\/\/www.kalinas.rs\/prodavnica\/kalinin-orman\/bodydress\/bff-komplet-trenerke-za-devojcice\/\" \/>\n<meta property=\"og:locale\" content=\"en_US\" \/>\n<meta property=\"og:type\" content=\"article\" \/>\n<meta property=\"og:title\" content=\"BFF komplet - Kalina&#039;s story\" \/>\n<meta property=\"og:description\" content=\"Trenerke za devojcice,kompleti za devojcice\" \/>\n<meta property=\"og:url\" content=\"https:\/\/www.kalinas.rs\/prodavnica\/kalinin-orman\/bodydress\/bff-komplet-trenerke-za-devojcice\/\" \/>\n<meta property=\"og:site_name\" content=\"Kalina&#039;s story\" \/>\n<meta property=\"article:modified_time\" content=\"2026-03-26T07:50:44+00:00\" \/>\n<meta property=\"og:image\" content=\"https:\/\/www.kalinas.rs\/wp-content\/uploads\/2025\/12\/IMG_8465-819x1024.png\" \/>\n\t<meta property=\"og:image:width\" content=\"819\" \/>\n\t<meta property=\"og:image:height\" content=\"1024\" \/>\n\t<meta property=\"og:image:type\" content=\"image\/png\" \/>\n<meta name=\"twitter:card\" content=\"summary_large_image\" \/>\n<script type=\"application\/ld+json\" class=\"yoast-schema-graph\">{\"@context\":\"https:\\\/\\\/schema.org\",\"@graph\":[{\"@type\":\"WebPage\",\"@id\":\"https:\\\/\\\/www.kalinas.rs\\\/prodavnica\\\/kalinin-orman\\\/bodydress\\\/bff-komplet-trenerke-za-devojcice\\\/\",\"url\":\"https:\\\/\\\/www.kalinas.rs\\\/prodavnica\\\/kalinin-orman\\\/bodydress\\\/bff-komplet-trenerke-za-devojcice\\\/\",\"name\":\"BFF komplet - Kalina&#039;s story\",\"isPartOf\":{\"@id\":\"https:\\\/\\\/www.kalinas.rs\\\/#website\"},\"primaryImageOfPage\":{\"@id\":\"https:\\\/\\\/www.kalinas.rs\\\/prodavnica\\\/kalinin-orman\\\/bodydress\\\/bff-komplet-trenerke-za-devojcice\\\/#primaryimage\"},\"image\":{\"@id\":\"https:\\\/\\\/www.kalinas.rs\\\/prodavnica\\\/kalinin-orman\\\/bodydress\\\/bff-komplet-trenerke-za-devojcice\\\/#primaryimage\"},\"thumbnailUrl\":\"https:\\\/\\\/www.kalinas.rs\\\/wp-content\\\/uploads\\\/2025\\\/12\\\/IMG_8465.png\",\"datePublished\":\"2025-12-21T14:20:47+00:00\",\"dateModified\":\"2026-03-26T07:50:44+00:00\",\"description\":\"Trenerke za devojcice,kompleti za devojcice\",\"breadcrumb\":{\"@id\":\"https:\\\/\\\/www.kalinas.rs\\\/prodavnica\\\/kalinin-orman\\\/bodydress\\\/bff-komplet-trenerke-za-devojcice\\\/#breadcrumb\"},\"inLanguage\":\"en-US\",\"potentialAction\":[{\"@type\":\"ReadAction\",\"target\":[\"https:\\\/\\\/www.kalinas.rs\\\/prodavnica\\\/kalinin-orman\\\/bodydress\\\/bff-komplet-trenerke-za-devojcice\\\/\"]}]},{\"@type\":\"ImageObject\",\"inLanguage\":\"en-US\",\"@id\":\"https:\\\/\\\/www.kalinas.rs\\\/prodavnica\\\/kalinin-orman\\\/bodydress\\\/bff-komplet-trenerke-za-devojcice\\\/#primaryimage\",\"url\":\"https:\\\/\\\/www.kalinas.rs\\\/wp-content\\\/uploads\\\/2025\\\/12\\\/IMG_8465.png\",\"contentUrl\":\"https:\\\/\\\/www.kalinas.rs\\\/wp-content\\\/uploads\\\/2025\\\/12\\\/IMG_8465.png\",\"width\":1638,\"height\":2048},{\"@type\":\"BreadcrumbList\",\"@id\":\"https:\\\/\\\/www.kalinas.rs\\\/prodavnica\\\/kalinin-orman\\\/bodydress\\\/bff-komplet-trenerke-za-devojcice\\\/#breadcrumb\",\"itemListElement\":[{\"@type\":\"ListItem\",\"position\":1,\"name\":\"Home\",\"item\":\"https:\\\/\\\/www.kalinas.rs\\\/en\\\/\"},{\"@type\":\"ListItem\",\"position\":2,\"name\":\"Shop\",\"item\":\"https:\\\/\\\/www.kalinas.rs\\\/en\\\/shop\\\/\"},{\"@type\":\"ListItem\",\"position\":3,\"name\":\"BFF komplet\"}]},{\"@type\":\"WebSite\",\"@id\":\"https:\\\/\\\/www.kalinas.rs\\\/#website\",\"url\":\"https:\\\/\\\/www.kalinas.rs\\\/\",\"name\":\"Kalina&#039;s story\",\"description\":\"Classic Baby and Girls Clothes\",\"publisher\":{\"@id\":\"https:\\\/\\\/www.kalinas.rs\\\/#organization\"},\"potentialAction\":[{\"@type\":\"SearchAction\",\"target\":{\"@type\":\"EntryPoint\",\"urlTemplate\":\"https:\\\/\\\/www.kalinas.rs\\\/?s={search_term_string}\"},\"query-input\":{\"@type\":\"PropertyValueSpecification\",\"valueRequired\":true,\"valueName\":\"search_term_string\"}}],\"inLanguage\":\"en-US\"},{\"@type\":\"Organization\",\"@id\":\"https:\\\/\\\/www.kalinas.rs\\\/#organization\",\"name\":\"Kalina's story\",\"url\":\"https:\\\/\\\/www.kalinas.rs\\\/\",\"logo\":{\"@type\":\"ImageObject\",\"inLanguage\":\"en-US\",\"@id\":\"https:\\\/\\\/www.kalinas.rs\\\/#\\\/schema\\\/logo\\\/image\\\/\",\"url\":\"https:\\\/\\\/www.kalinas.rs\\\/wp-content\\\/uploads\\\/2019\\\/05\\\/kalinas-logo.png\",\"contentUrl\":\"https:\\\/\\\/www.kalinas.rs\\\/wp-content\\\/uploads\\\/2019\\\/05\\\/kalinas-logo.png\",\"width\":300,\"height\":300,\"caption\":\"Kalina's story\"},\"image\":{\"@id\":\"https:\\\/\\\/www.kalinas.rs\\\/#\\\/schema\\\/logo\\\/image\\\/\"},\"sameAs\":[\"https:\\\/\\\/www.instagram.com\\\/kalina__s\\\/\"]}]}<\/script>\n<!-- \/ Yoast SEO plugin. -->","yoast_head_json":{"title":"BFF komplet - Kalina&#039;s story","description":"Trenerke za devojcice,kompleti za devojcice","robots":{"index":"index","follow":"follow","max-snippet":"max-snippet:-1","max-image-preview":"max-image-preview:large","max-video-preview":"max-video-preview:-1"},"canonical":"https:\/\/www.kalinas.rs\/prodavnica\/kalinin-orman\/bodydress\/bff-komplet-trenerke-za-devojcice\/","og_locale":"en_US","og_type":"article","og_title":"BFF komplet - Kalina&#039;s story","og_description":"Trenerke za devojcice,kompleti za devojcice","og_url":"https:\/\/www.kalinas.rs\/prodavnica\/kalinin-orman\/bodydress\/bff-komplet-trenerke-za-devojcice\/","og_site_name":"Kalina&#039;s story","article_modified_time":"2026-03-26T07:50:44+00:00","og_image":[{"width":819,"height":1024,"url":"https:\/\/www.kalinas.rs\/wp-content\/uploads\/2025\/12\/IMG_8465-819x1024.png","type":"image\/png"}],"twitter_card":"summary_large_image","schema":{"@context":"https:\/\/schema.org","@graph":[{"@type":"WebPage","@id":"https:\/\/www.kalinas.rs\/prodavnica\/kalinin-orman\/bodydress\/bff-komplet-trenerke-za-devojcice\/","url":"https:\/\/www.kalinas.rs\/prodavnica\/kalinin-orman\/bodydress\/bff-komplet-trenerke-za-devojcice\/","name":"BFF komplet - Kalina&#039;s story","isPartOf":{"@id":"https:\/\/www.kalinas.rs\/#website"},"primaryImageOfPage":{"@id":"https:\/\/www.kalinas.rs\/prodavnica\/kalinin-orman\/bodydress\/bff-komplet-trenerke-za-devojcice\/#primaryimage"},"image":{"@id":"https:\/\/www.kalinas.rs\/prodavnica\/kalinin-orman\/bodydress\/bff-komplet-trenerke-za-devojcice\/#primaryimage"},"thumbnailUrl":"https:\/\/www.kalinas.rs\/wp-content\/uploads\/2025\/12\/IMG_8465.png","datePublished":"2025-12-21T14:20:47+00:00","dateModified":"2026-03-26T07:50:44+00:00","description":"Trenerke za devojcice,kompleti za devojcice","breadcrumb":{"@id":"https:\/\/www.kalinas.rs\/prodavnica\/kalinin-orman\/bodydress\/bff-komplet-trenerke-za-devojcice\/#breadcrumb"},"inLanguage":"en-US","potentialAction":[{"@type":"ReadAction","target":["https:\/\/www.kalinas.rs\/prodavnica\/kalinin-orman\/bodydress\/bff-komplet-trenerke-za-devojcice\/"]}]},{"@type":"ImageObject","inLanguage":"en-US","@id":"https:\/\/www.kalinas.rs\/prodavnica\/kalinin-orman\/bodydress\/bff-komplet-trenerke-za-devojcice\/#primaryimage","url":"https:\/\/www.kalinas.rs\/wp-content\/uploads\/2025\/12\/IMG_8465.png","contentUrl":"https:\/\/www.kalinas.rs\/wp-content\/uploads\/2025\/12\/IMG_8465.png","width":1638,"height":2048},{"@type":"BreadcrumbList","@id":"https:\/\/www.kalinas.rs\/prodavnica\/kalinin-orman\/bodydress\/bff-komplet-trenerke-za-devojcice\/#breadcrumb","itemListElement":[{"@type":"ListItem","position":1,"name":"Home","item":"https:\/\/www.kalinas.rs\/en\/"},{"@type":"ListItem","position":2,"name":"Shop","item":"https:\/\/www.kalinas.rs\/en\/shop\/"},{"@type":"ListItem","position":3,"name":"BFF komplet"}]},{"@type":"WebSite","@id":"https:\/\/www.kalinas.rs\/#website","url":"https:\/\/www.kalinas.rs\/","name":"Kalina&#039;s story","description":"Classic Baby and Girls Clothes","publisher":{"@id":"https:\/\/www.kalinas.rs\/#organization"},"potentialAction":[{"@type":"SearchAction","target":{"@type":"EntryPoint","urlTemplate":"https:\/\/www.kalinas.rs\/?s={search_term_string}"},"query-input":{"@type":"PropertyValueSpecification","valueRequired":true,"valueName":"search_term_string"}}],"inLanguage":"en-US"},{"@type":"Organization","@id":"https:\/\/www.kalinas.rs\/#organization","name":"Kalina's story","url":"https:\/\/www.kalinas.rs\/","logo":{"@type":"ImageObject","inLanguage":"en-US","@id":"https:\/\/www.kalinas.rs\/#\/schema\/logo\/image\/","url":"https:\/\/www.kalinas.rs\/wp-content\/uploads\/2019\/05\/kalinas-logo.png","contentUrl":"https:\/\/www.kalinas.rs\/wp-content\/uploads\/2019\/05\/kalinas-logo.png","width":300,"height":300,"caption":"Kalina's story"},"image":{"@id":"https:\/\/www.kalinas.rs\/#\/schema\/logo\/image\/"},"sameAs":["https:\/\/www.instagram.com\/kalina__s\/"]}]}},"_links":{"self":[{"href":"https:\/\/www.kalinas.rs\/en\/wp-json\/wp\/v2\/product\/5705","targetHints":{"allow":["GET"]}}],"collection":[{"href":"https:\/\/www.kalinas.rs\/en\/wp-json\/wp\/v2\/product"}],"about":[{"href":"https:\/\/www.kalinas.rs\/en\/wp-json\/wp\/v2\/types\/product"}],"wp:featuredmedia":[{"embeddable":true,"href":"https:\/\/www.kalinas.rs\/en\/wp-json\/wp\/v2\/media\/5769"}],"wp:attachment":[{"href":"https:\/\/www.kalinas.rs\/en\/wp-json\/wp\/v2\/media?parent=5705"}],"wp:term":[{"taxonomy":"product_brand","embeddable":true,"href":"https:\/\/www.kalinas.rs\/en\/wp-json\/wp\/v2\/product_brand?post=5705"},{"taxonomy":"product_cat","embeddable":true,"href":"https:\/\/www.kalinas.rs\/en\/wp-json\/wp\/v2\/product_cat?post=5705"},{"taxonomy":"product_tag","embeddable":true,"href":"https:\/\/www.kalinas.rs\/en\/wp-json\/wp\/v2\/product_tag?post=5705"}],"curies":[{"name":"wp","href":"https:\/\/api.w.org\/{rel}","templated":true}]}}